{"id":47686,"date":"2025-06-18T10:53:32","date_gmt":"2025-06-18T10:53:32","guid":{"rendered":"https:\/\/zl.jewelry\/product\/rope-90-rsalm-in-white-gold\/"},"modified":"2025-09-26T18:24:42","modified_gmt":"2025-09-26T18:24:42","slug":"rope-90-rsalm-in-white-gold","status":"publish","type":"product","link":"https:\/\/zl.jewelry\/pl\/product\/rope-90-rsalm-in-white-gold\/","title":{"rendered":"Sznur &#8222;Psalm 90&#8221; z bia\u0142ego z\u0142ota."},"content":{"rendered":"<p>Czarny sznur z wstawkami z bia\u0142ego z\u0142ota. Na wstawkach tekst 90 psalm&oacute;w, kt&oacute;re s\u0105 pokryte niello i rodem.&nbsp;Waga r&oacute;\u017cni si\u0119 w zale\u017cno\u015bci od \u015brednicy i ilo\u015bci wstawek, przy \u015brednicy sznura 8 mm, waga z\u0142ota 44,89 grama. Wz&oacute;r bi\u017cuterii mo\u017ce by\u0107 zmieniony na \u017cyczenie klienta.<\/p>\n<p>_x000D_<\/p>\n","protected":false},"excerpt":{"rendered":"<p>Czarny sznur z wstawkami z bia\u0142ego z\u0142ota. Na wstawkach tekst 90 psalm&oacute;w, kt&oacute;re s\u0105 pokryte niello i rodem.&nbsp;Waga r&oacute;\u017cni si\u0119 w zale\u017cno\u015bci od \u015brednicy i ilo\u015bci wstawek, przy \u015brednicy sznura 8 mm, waga z\u0142ota 44,89 grama. Wz&oacute;r bi\u017cuterii mo\u017ce by\u0107 zmieniony na \u017cyczenie klienta. _x000D_<\/p>\n","protected":false},"featured_media":64000,"template":"","meta":{"_acf_changed":false},"product_brand":[],"product_cat":[496,499],"product_tag":[],"class_list":{"0":"post-47686","1":"product","2":"type-product","3":"status-publish","4":"has-post-thumbnail","6":"product_cat-jewelry-laces-pl","7":"product_cat-nylon-mens-pl","9":"first","10":"instock","11":"product-type-simple"},"acf":[],"_links":{"self":[{"href":"https:\/\/zl.jewelry\/pl\/wp-json\/wp\/v2\/product\/47686","targetHints":{"allow":["GET"]}}],"collection":[{"href":"https:\/\/zl.jewelry\/pl\/wp-json\/wp\/v2\/product"}],"about":[{"href":"https:\/\/zl.jewelry\/pl\/wp-json\/wp\/v2\/types\/product"}],"wp:featuredmedia":[{"embeddable":true,"href":"https:\/\/zl.jewelry\/pl\/wp-json\/wp\/v2\/media\/64000"}],"wp:attachment":[{"href":"https:\/\/zl.jewelry\/pl\/wp-json\/wp\/v2\/media?parent=47686"}],"wp:term":[{"taxonomy":"product_brand","embeddable":true,"href":"https:\/\/zl.jewelry\/pl\/wp-json\/wp\/v2\/product_brand?post=47686"},{"taxonomy":"product_cat","embeddable":true,"href":"https:\/\/zl.jewelry\/pl\/wp-json\/wp\/v2\/product_cat?post=47686"},{"taxonomy":"product_tag","embeddable":true,"href":"https:\/\/zl.jewelry\/pl\/wp-json\/wp\/v2\/product_tag?post=47686"}],"curies":[{"name":"wp","href":"https:\/\/api.w.org\/{rel}","templated":true}]}}