{"id":47684,"date":"2025-06-18T10:53:32","date_gmt":"2025-06-18T10:53:32","guid":{"rendered":"https:\/\/zl.jewelry\/product\/rope-save-and-save\/"},"modified":"2025-09-26T18:24:42","modified_gmt":"2025-09-26T18:24:42","slug":"rope-save-and-save","status":"publish","type":"product","link":"https:\/\/zl.jewelry\/pl\/product\/rope-save-and-save\/","title":{"rendered":"Sznur &#8222;Ocal i zachowaj&#8221;"},"content":{"rendered":"<p>Lina jest czarna, z dwiema wk\u0142adkami, ko\u0144c&oacute;wkami i zamkiem w kolorze czerwonego z\u0142ota.&nbsp; Wk\u0142adki i ko\u0144c&oacute;wki z napisem &quot;Save and Preserve&quot;, pokryte czernieniem. Zamek to okr\u0105g\u0142e pude\u0142ko z jednym zamkiem. Waga zale\u017cy od \u015brednicy i ilo\u015bci wk\u0142adek, przy \u015brednicy sznura 6 mm, waga z\u0142ota w sznurze 13,57 grama. Wz&oacute;r mo\u017ce by\u0107 zmieniony zgodnie z \u017cyczeniem klienta.<\/p>\n<p>_x000D_<\/p>\n","protected":false},"excerpt":{"rendered":"<p>Lina jest czarna, z dwiema wk\u0142adkami, ko\u0144c&oacute;wkami i zamkiem w kolorze czerwonego z\u0142ota.&nbsp; Wk\u0142adki i ko\u0144c&oacute;wki z napisem &quot;Save and Preserve&quot;, pokryte czernieniem. Zamek to okr\u0105g\u0142e pude\u0142ko z jednym zamkiem. Waga zale\u017cy od \u015brednicy i ilo\u015bci wk\u0142adek, przy \u015brednicy sznura 6 mm, waga z\u0142ota w sznurze 13,57 grama. Wz&oacute;r mo\u017ce by\u0107 zmieniony zgodnie z \u017cyczeniem&#8230;<\/p>\n","protected":false},"featured_media":64021,"template":"","meta":{"_acf_changed":false},"product_brand":[],"product_cat":[496,499],"product_tag":[],"class_list":{"0":"post-47684","1":"product","2":"type-product","3":"status-publish","4":"has-post-thumbnail","6":"product_cat-jewelry-laces-pl","7":"product_cat-nylon-mens-pl","9":"first","10":"instock","11":"product-type-simple"},"acf":[],"_links":{"self":[{"href":"https:\/\/zl.jewelry\/pl\/wp-json\/wp\/v2\/product\/47684","targetHints":{"allow":["GET"]}}],"collection":[{"href":"https:\/\/zl.jewelry\/pl\/wp-json\/wp\/v2\/product"}],"about":[{"href":"https:\/\/zl.jewelry\/pl\/wp-json\/wp\/v2\/types\/product"}],"wp:featuredmedia":[{"embeddable":true,"href":"https:\/\/zl.jewelry\/pl\/wp-json\/wp\/v2\/media\/64021"}],"wp:attachment":[{"href":"https:\/\/zl.jewelry\/pl\/wp-json\/wp\/v2\/media?parent=47684"}],"wp:term":[{"taxonomy":"product_brand","embeddable":true,"href":"https:\/\/zl.jewelry\/pl\/wp-json\/wp\/v2\/product_brand?post=47684"},{"taxonomy":"product_cat","embeddable":true,"href":"https:\/\/zl.jewelry\/pl\/wp-json\/wp\/v2\/product_cat?post=47684"},{"taxonomy":"product_tag","embeddable":true,"href":"https:\/\/zl.jewelry\/pl\/wp-json\/wp\/v2\/product_tag?post=47684"}],"curies":[{"name":"wp","href":"https:\/\/api.w.org\/{rel}","templated":true}]}}