{"id":47680,"date":"2025-06-18T10:53:32","date_gmt":"2025-06-18T10:53:32","guid":{"rendered":"https:\/\/zl.jewelry\/product\/earrings-snake\/"},"modified":"2025-09-26T18:24:42","modified_gmt":"2025-09-26T18:24:42","slug":"earrings-snake","status":"publish","type":"product","link":"https:\/\/zl.jewelry\/pl\/product\/earrings-snake\/","title":{"rendered":"Kolczyki &#8222;Snake&#8221;"},"content":{"rendered":"<p>Kolczyki z zawieszkami w kszta\u0142cie w\u0119\u017cy, z czerwonego z\u0142ota, o wadze 9,13 grama. Kolczyki s\u0105 wysadzane kamieniami o \u015brednicy 1,00 mm (oko\u0142o 80 sztuk). Wysoko\u015b\u0107 kolczyk&oacute;w z uchem 60mm.<\/p>\n<p>_x000D_<\/p>\n","protected":false},"excerpt":{"rendered":"<p>Kolczyki z zawieszkami w kszta\u0142cie w\u0119\u017cy, z czerwonego z\u0142ota, o wadze 9,13 grama. Kolczyki s\u0105 wysadzane kamieniami o \u015brednicy 1,00 mm (oko\u0142o 80 sztuk). Wysoko\u015b\u0107 kolczyk&oacute;w z uchem 60mm. _x000D_<\/p>\n","protected":false},"featured_media":47681,"template":"","meta":{"_acf_changed":false},"product_brand":[],"product_cat":[538,542,544,546,548,550],"product_tag":[],"class_list":{"0":"post-47680","1":"product","2":"type-product","3":"status-publish","4":"has-post-thumbnail","6":"product_cat-gold-earrings-pl","7":"product_cat-drop-earrings-pl","8":"product_cat-earrings-from-5gr-pl","9":"product_cat-earrings-with-diamonds-pl","10":"product_cat-earrings-with-stones-pl","11":"product_cat-with-cubic-zirkonia-pl","13":"first","14":"instock","15":"product-type-simple"},"acf":[],"_links":{"self":[{"href":"https:\/\/zl.jewelry\/pl\/wp-json\/wp\/v2\/product\/47680","targetHints":{"allow":["GET"]}}],"collection":[{"href":"https:\/\/zl.jewelry\/pl\/wp-json\/wp\/v2\/product"}],"about":[{"href":"https:\/\/zl.jewelry\/pl\/wp-json\/wp\/v2\/types\/product"}],"wp:featuredmedia":[{"embeddable":true,"href":"https:\/\/zl.jewelry\/pl\/wp-json\/wp\/v2\/media\/47681"}],"wp:attachment":[{"href":"https:\/\/zl.jewelry\/pl\/wp-json\/wp\/v2\/media?parent=47680"}],"wp:term":[{"taxonomy":"product_brand","embeddable":true,"href":"https:\/\/zl.jewelry\/pl\/wp-json\/wp\/v2\/product_brand?post=47680"},{"taxonomy":"product_cat","embeddable":true,"href":"https:\/\/zl.jewelry\/pl\/wp-json\/wp\/v2\/product_cat?post=47680"},{"taxonomy":"product_tag","embeddable":true,"href":"https:\/\/zl.jewelry\/pl\/wp-json\/wp\/v2\/product_tag?post=47680"}],"curies":[{"name":"wp","href":"https:\/\/api.w.org\/{rel}","templated":true}]}}