{"id":47672,"date":"2025-06-18T10:53:32","date_gmt":"2025-06-18T10:53:32","guid":{"rendered":"https:\/\/zl.jewelry\/product\/rope-masons\/"},"modified":"2025-09-26T18:24:41","modified_gmt":"2025-09-26T18:24:41","slug":"rope-masons","status":"publish","type":"product","link":"https:\/\/zl.jewelry\/pl\/product\/rope-masons\/","title":{"rendered":"Sznur &#8222;Masoni&#8221;"},"content":{"rendered":"<p>Lina w kolorze bia\u0142ego i cytrynowego z\u0142ota. Waga z\u0142ota w sznurze to 69,55 grama, \u015brednica sznura to 6mm. Wk\u0142adki w \u015brodku przedstawiaj\u0105 symbole maso\u0144skie i&nbsp;maj\u0105 mechanizm obrotowy. Bia\u0142e wk\u0142adki ko\u0144cowe&nbsp;maj\u0105 rodowany wz\u00f3r ceglanego muru.&nbsp;<\/p>\n<p>.<\/p>\n","protected":false},"excerpt":{"rendered":"<p>Lina w kolorze bia\u0142ego i cytrynowego z\u0142ota. Waga z\u0142ota w sznurze to 69,55 grama, \u015brednica sznura to 6mm. Wk\u0142adki w \u015brodku przedstawiaj\u0105 symbole maso\u0144skie i&nbsp;maj\u0105 mechanizm obrotowy. Bia\u0142e wk\u0142adki ko\u0144cowe&nbsp;maj\u0105 rodowany wz\u00f3r ceglanego muru.&nbsp; .<\/p>\n","protected":false},"featured_media":64039,"template":"","meta":{"_acf_changed":false},"product_brand":[],"product_cat":[496,499],"product_tag":[],"class_list":{"0":"post-47672","1":"product","2":"type-product","3":"status-publish","4":"has-post-thumbnail","6":"product_cat-jewelry-laces-pl","7":"product_cat-nylon-mens-pl","9":"first","10":"instock","11":"product-type-simple"},"acf":[],"_links":{"self":[{"href":"https:\/\/zl.jewelry\/pl\/wp-json\/wp\/v2\/product\/47672","targetHints":{"allow":["GET"]}}],"collection":[{"href":"https:\/\/zl.jewelry\/pl\/wp-json\/wp\/v2\/product"}],"about":[{"href":"https:\/\/zl.jewelry\/pl\/wp-json\/wp\/v2\/types\/product"}],"wp:featuredmedia":[{"embeddable":true,"href":"https:\/\/zl.jewelry\/pl\/wp-json\/wp\/v2\/media\/64039"}],"wp:attachment":[{"href":"https:\/\/zl.jewelry\/pl\/wp-json\/wp\/v2\/media?parent=47672"}],"wp:term":[{"taxonomy":"product_brand","embeddable":true,"href":"https:\/\/zl.jewelry\/pl\/wp-json\/wp\/v2\/product_brand?post=47672"},{"taxonomy":"product_cat","embeddable":true,"href":"https:\/\/zl.jewelry\/pl\/wp-json\/wp\/v2\/product_cat?post=47672"},{"taxonomy":"product_tag","embeddable":true,"href":"https:\/\/zl.jewelry\/pl\/wp-json\/wp\/v2\/product_tag?post=47672"}],"curies":[{"name":"wp","href":"https:\/\/api.w.org\/{rel}","templated":true}]}}