{"id":47662,"date":"2025-06-18T10:53:32","date_gmt":"2025-06-18T10:53:32","guid":{"rendered":"https:\/\/zl.jewelry\/product\/chain-original\/"},"modified":"2025-09-26T18:24:40","modified_gmt":"2025-09-26T18:24:40","slug":"chain-original","status":"publish","type":"product","link":"https:\/\/zl.jewelry\/pl\/product\/chain-original\/","title":{"rendered":"\u0141a\u0144cuszek &#8222;Original&#8221;"},"content":{"rendered":"<p>Oryginalny \u0142a\u0144cuszek z wstawkami modlitewnymi wykonany z czerwonego z\u0142ota. &nbsp; Wstawki s\u0105 wzorowane na modlitwach i wstawkach z napisem &quot;Save and Preserve&quot;, modlitwy dobierane s\u0105 zgodnie z \u017cyczeniem klienta, ka\u017cda wstawka pokryta jest niello. Po jednej stronie \u0142a\u0144cuszka znajduje si\u0119 poprzeczka, na kt&oacute;rej mo\u017cna umie\u015bci\u0107 krzy\u017cyk, zawieszk\u0119 lub ikon\u0119, a po drugiej stronie znajduje si\u0119 zamek &#8211; pude\u0142ko z jednym zamkiem, powtarzaj\u0105ce wz&oacute;r \u0142a\u0144cuszka. Waga r&oacute;\u017cni si\u0119 w zale\u017cno\u015bci od rozmiaru. Wz&oacute;r \u0142a\u0144cuszka mo\u017ce by\u0107 zmieniony zgodnie z \u017cyczeniem klienta.&nbsp;<\/p>\n<p>_x000D_<\/p>\n","protected":false},"excerpt":{"rendered":"<p>Oryginalny \u0142a\u0144cuszek z wstawkami modlitewnymi wykonany z czerwonego z\u0142ota. &nbsp; Wstawki s\u0105 wzorowane na modlitwach i wstawkach z napisem &quot;Save and Preserve&quot;, modlitwy dobierane s\u0105 zgodnie z \u017cyczeniem klienta, ka\u017cda wstawka pokryta jest niello. Po jednej stronie \u0142a\u0144cuszka znajduje si\u0119 poprzeczka, na kt&oacute;rej mo\u017cna umie\u015bci\u0107 krzy\u017cyk, zawieszk\u0119 lub ikon\u0119, a po drugiej stronie znajduje si\u0119&#8230;<\/p>\n","protected":false},"featured_media":47663,"template":"","meta":{"_acf_changed":false},"product_brand":[],"product_cat":[490,492,493],"product_tag":[],"class_list":{"0":"post-47662","1":"product","2":"type-product","3":"status-publish","4":"has-post-thumbnail","6":"product_cat-gold-chains","7":"product_cat-gold-chain-from-50-gr-pl","8":"product_cat-mens-chains-pl","10":"first","11":"instock","12":"product-type-simple"},"acf":[],"_links":{"self":[{"href":"https:\/\/zl.jewelry\/pl\/wp-json\/wp\/v2\/product\/47662","targetHints":{"allow":["GET"]}}],"collection":[{"href":"https:\/\/zl.jewelry\/pl\/wp-json\/wp\/v2\/product"}],"about":[{"href":"https:\/\/zl.jewelry\/pl\/wp-json\/wp\/v2\/types\/product"}],"wp:featuredmedia":[{"embeddable":true,"href":"https:\/\/zl.jewelry\/pl\/wp-json\/wp\/v2\/media\/47663"}],"wp:attachment":[{"href":"https:\/\/zl.jewelry\/pl\/wp-json\/wp\/v2\/media?parent=47662"}],"wp:term":[{"taxonomy":"product_brand","embeddable":true,"href":"https:\/\/zl.jewelry\/pl\/wp-json\/wp\/v2\/product_brand?post=47662"},{"taxonomy":"product_cat","embeddable":true,"href":"https:\/\/zl.jewelry\/pl\/wp-json\/wp\/v2\/product_cat?post=47662"},{"taxonomy":"product_tag","embeddable":true,"href":"https:\/\/zl.jewelry\/pl\/wp-json\/wp\/v2\/product_tag?post=47662"}],"curies":[{"name":"wp","href":"https:\/\/api.w.org\/{rel}","templated":true}]}}