{"id":47640,"date":"2025-06-18T10:53:38","date_gmt":"2025-06-18T10:53:38","guid":{"rendered":"https:\/\/zl.jewelry\/product\/rope-guardians\/"},"modified":"2025-09-26T18:24:46","modified_gmt":"2025-09-26T18:24:46","slug":"rope-guardians","status":"publish","type":"product","link":"https:\/\/zl.jewelry\/pl\/product\/rope-guardians\/","title":{"rendered":"Sznur  &#8222;Stra\u017cnicy&#8221;"},"content":{"rendered":"<p>Sznur w kolorze czerwonego z\u0142ota pr\u00f3by 585*. Sznur 6mm, waga z\u0142ota 47,49 grama. Lina z wstawkami&nbsp;twarzy&nbsp;\u015bwi\u0119tych i wstawkami ogniw.<\/p>\n","protected":false},"excerpt":{"rendered":"<p>Sznur w kolorze czerwonego z\u0142ota pr\u00f3by 585*. Sznur 6mm, waga z\u0142ota 47,49 grama. Lina z wstawkami&nbsp;twarzy&nbsp;\u015bwi\u0119tych i wstawkami ogniw.<\/p>\n","protected":false},"featured_media":63973,"template":"","meta":{"_acf_changed":false},"product_brand":[],"product_cat":[496,499],"product_tag":[],"class_list":{"0":"post-47640","1":"product","2":"type-product","3":"status-publish","4":"has-post-thumbnail","6":"product_cat-jewelry-laces-pl","7":"product_cat-nylon-mens-pl","9":"first","10":"instock","11":"product-type-simple"},"acf":[],"_links":{"self":[{"href":"https:\/\/zl.jewelry\/pl\/wp-json\/wp\/v2\/product\/47640","targetHints":{"allow":["GET"]}}],"collection":[{"href":"https:\/\/zl.jewelry\/pl\/wp-json\/wp\/v2\/product"}],"about":[{"href":"https:\/\/zl.jewelry\/pl\/wp-json\/wp\/v2\/types\/product"}],"wp:featuredmedia":[{"embeddable":true,"href":"https:\/\/zl.jewelry\/pl\/wp-json\/wp\/v2\/media\/63973"}],"wp:attachment":[{"href":"https:\/\/zl.jewelry\/pl\/wp-json\/wp\/v2\/media?parent=47640"}],"wp:term":[{"taxonomy":"product_brand","embeddable":true,"href":"https:\/\/zl.jewelry\/pl\/wp-json\/wp\/v2\/product_brand?post=47640"},{"taxonomy":"product_cat","embeddable":true,"href":"https:\/\/zl.jewelry\/pl\/wp-json\/wp\/v2\/product_cat?post=47640"},{"taxonomy":"product_tag","embeddable":true,"href":"https:\/\/zl.jewelry\/pl\/wp-json\/wp\/v2\/product_tag?post=47640"}],"curies":[{"name":"wp","href":"https:\/\/api.w.org\/{rel}","templated":true}]}}