{"id":47638,"date":"2025-06-18T10:53:38","date_gmt":"2025-06-18T10:53:38","guid":{"rendered":"https:\/\/zl.jewelry\/product\/rope-dragons\/"},"modified":"2025-09-26T18:24:45","modified_gmt":"2025-09-26T18:24:45","slug":"rope-dragons","status":"publish","type":"product","link":"https:\/\/zl.jewelry\/pl\/product\/rope-dragons\/","title":{"rendered":"Sznur  &#8222;Smoki&#8221;"},"content":{"rendered":"<p>Sznur na czarnej podstawie z wstawkami w kolorze cytrynowego z\u0142ota. Na podstawie wk\u0142adki znajduj\u0105 si\u0119 smoki, kt\u00f3re na ko\u0144cach wzor\u00f3w pokryte s\u0105 czarn\u0105 emali\u0105. Zamek to pude\u0142ko z pojedynczym mechanizmem blokuj\u0105cym, w kszta\u0142cie odpowiadaj\u0105cym wzorowi wk\u0142adek. Waga zale\u017cy od \u015brednicy i liczby wk\u0142adek, przy \u015brednicy sznura 6 mm waga z\u0142ota w bi\u017cuterii wynosi 59,76 grama.&nbsp;<\/p>\n","protected":false},"excerpt":{"rendered":"<p>Sznur na czarnej podstawie z wstawkami w kolorze cytrynowego z\u0142ota. Na podstawie wk\u0142adki znajduj\u0105 si\u0119 smoki, kt\u00f3re na ko\u0144cach wzor\u00f3w pokryte s\u0105 czarn\u0105 emali\u0105. Zamek to pude\u0142ko z pojedynczym mechanizmem blokuj\u0105cym, w kszta\u0142cie odpowiadaj\u0105cym wzorowi wk\u0142adek. Waga zale\u017cy od \u015brednicy i liczby wk\u0142adek, przy \u015brednicy sznura 6 mm waga z\u0142ota w bi\u017cuterii wynosi 59,76 grama.&nbsp;<\/p>\n","protected":false},"featured_media":63982,"template":"","meta":{"_acf_changed":false},"product_brand":[],"product_cat":[499,496],"product_tag":[],"class_list":{"0":"post-47638","1":"product","2":"type-product","3":"status-publish","4":"has-post-thumbnail","6":"product_cat-nylon-mens-pl","7":"product_cat-jewelry-laces-pl","9":"first","10":"instock","11":"product-type-simple"},"acf":[],"_links":{"self":[{"href":"https:\/\/zl.jewelry\/pl\/wp-json\/wp\/v2\/product\/47638","targetHints":{"allow":["GET"]}}],"collection":[{"href":"https:\/\/zl.jewelry\/pl\/wp-json\/wp\/v2\/product"}],"about":[{"href":"https:\/\/zl.jewelry\/pl\/wp-json\/wp\/v2\/types\/product"}],"wp:featuredmedia":[{"embeddable":true,"href":"https:\/\/zl.jewelry\/pl\/wp-json\/wp\/v2\/media\/63982"}],"wp:attachment":[{"href":"https:\/\/zl.jewelry\/pl\/wp-json\/wp\/v2\/media?parent=47638"}],"wp:term":[{"taxonomy":"product_brand","embeddable":true,"href":"https:\/\/zl.jewelry\/pl\/wp-json\/wp\/v2\/product_brand?post=47638"},{"taxonomy":"product_cat","embeddable":true,"href":"https:\/\/zl.jewelry\/pl\/wp-json\/wp\/v2\/product_cat?post=47638"},{"taxonomy":"product_tag","embeddable":true,"href":"https:\/\/zl.jewelry\/pl\/wp-json\/wp\/v2\/product_tag?post=47638"}],"curies":[{"name":"wp","href":"https:\/\/api.w.org\/{rel}","templated":true}]}}