{"id":47612,"date":"2025-06-18T10:53:43","date_gmt":"2025-06-18T10:53:43","guid":{"rendered":"https:\/\/zl.jewelry\/product\/earrings-transformers-orchid\/"},"modified":"2025-09-26T18:24:52","modified_gmt":"2025-09-26T18:24:52","slug":"earrings-transformers-orchid","status":"publish","type":"product","link":"https:\/\/zl.jewelry\/pl\/product\/earrings-transformers-orchid\/","title":{"rendered":"Kolczyki transformery &#8222;Orchidea&#8221;"},"content":{"rendered":"<p>Kolczyki Transformer z czerwonego z\u0142ota o wadze 5,86 grama. Kolczyki posiadaj\u0105 zapi\u0119cie angielskie. Mog\u0105 by\u0107 noszone z zawieszkami lub bez. Kamienie we wk\u0142adkach maj\u0105 \u015brednice oko\u0142o 1,00mm; 1,50mm; 3,00mm. Kamienie mog\u0105 by\u0107 osadzone dowolnie, na \u017cyczenie klienta.<\/p>\n","protected":false},"excerpt":{"rendered":"<p>Kolczyki Transformer z czerwonego z\u0142ota o wadze 5,86 grama. Kolczyki posiadaj\u0105 zapi\u0119cie angielskie. Mog\u0105 by\u0107 noszone z zawieszkami lub bez. Kamienie we wk\u0142adkach maj\u0105 \u015brednice oko\u0142o 1,00mm; 1,50mm; 3,00mm. Kamienie mog\u0105 by\u0107 osadzone dowolnie, na \u017cyczenie klienta.<\/p>\n","protected":false},"featured_media":47613,"template":"","meta":{"_acf_changed":false},"product_brand":[],"product_cat":[538,542,543,544,546,548,550],"product_tag":[],"class_list":{"0":"post-47612","1":"product","2":"type-product","3":"status-publish","4":"has-post-thumbnail","6":"product_cat-gold-earrings-pl","7":"product_cat-drop-earrings-pl","8":"product_cat-earrings-transformers-pl","9":"product_cat-earrings-from-5gr-pl","10":"product_cat-earrings-with-diamonds-pl","11":"product_cat-earrings-with-stones-pl","12":"product_cat-with-cubic-zirkonia-pl","14":"first","15":"instock","16":"product-type-simple"},"acf":[],"_links":{"self":[{"href":"https:\/\/zl.jewelry\/pl\/wp-json\/wp\/v2\/product\/47612","targetHints":{"allow":["GET"]}}],"collection":[{"href":"https:\/\/zl.jewelry\/pl\/wp-json\/wp\/v2\/product"}],"about":[{"href":"https:\/\/zl.jewelry\/pl\/wp-json\/wp\/v2\/types\/product"}],"wp:featuredmedia":[{"embeddable":true,"href":"https:\/\/zl.jewelry\/pl\/wp-json\/wp\/v2\/media\/47613"}],"wp:attachment":[{"href":"https:\/\/zl.jewelry\/pl\/wp-json\/wp\/v2\/media?parent=47612"}],"wp:term":[{"taxonomy":"product_brand","embeddable":true,"href":"https:\/\/zl.jewelry\/pl\/wp-json\/wp\/v2\/product_brand?post=47612"},{"taxonomy":"product_cat","embeddable":true,"href":"https:\/\/zl.jewelry\/pl\/wp-json\/wp\/v2\/product_cat?post=47612"},{"taxonomy":"product_tag","embeddable":true,"href":"https:\/\/zl.jewelry\/pl\/wp-json\/wp\/v2\/product_tag?post=47612"}],"curies":[{"name":"wp","href":"https:\/\/api.w.org\/{rel}","templated":true}]}}