{"id":47604,"date":"2025-06-18T10:53:43","date_gmt":"2025-06-18T10:53:43","guid":{"rendered":"https:\/\/zl.jewelry\/product\/earrings-transformers-hearts\/"},"modified":"2025-09-26T18:24:51","modified_gmt":"2025-09-26T18:24:51","slug":"earrings-transformers-hearts","status":"publish","type":"product","link":"https:\/\/zl.jewelry\/pl\/product\/earrings-transformers-hearts\/","title":{"rendered":"Kolczyki &#8211; transformery &#8222;Serca&#8221;"},"content":{"rendered":"<p>Kolczyki Transformer z bia\u0142ego z\u0142ota pokrytego rodem.&nbsp; Waga pary 7,13 grama.&nbsp; \u015arednica k\u00f3\u0142ek 2,5 cm, rozmiar serca 2,1 cm.<\/p>\n","protected":false},"excerpt":{"rendered":"<p>Kolczyki Transformer z bia\u0142ego z\u0142ota pokrytego rodem.&nbsp; Waga pary 7,13 grama.&nbsp; \u015arednica k\u00f3\u0142ek 2,5 cm, rozmiar serca 2,1 cm.<\/p>\n","protected":false},"featured_media":59201,"template":"","meta":{"_acf_changed":false},"product_brand":[],"product_cat":[538,540,542,543,544],"product_tag":[],"class_list":{"0":"post-47604","1":"product","2":"type-product","3":"status-publish","4":"has-post-thumbnail","6":"product_cat-gold-earrings-pl","7":"product_cat-congo-earrings-pl","8":"product_cat-drop-earrings-pl","9":"product_cat-earrings-transformers-pl","10":"product_cat-earrings-from-5gr-pl","12":"first","13":"instock","14":"product-type-simple"},"acf":[],"_links":{"self":[{"href":"https:\/\/zl.jewelry\/pl\/wp-json\/wp\/v2\/product\/47604","targetHints":{"allow":["GET"]}}],"collection":[{"href":"https:\/\/zl.jewelry\/pl\/wp-json\/wp\/v2\/product"}],"about":[{"href":"https:\/\/zl.jewelry\/pl\/wp-json\/wp\/v2\/types\/product"}],"wp:featuredmedia":[{"embeddable":true,"href":"https:\/\/zl.jewelry\/pl\/wp-json\/wp\/v2\/media\/59201"}],"wp:attachment":[{"href":"https:\/\/zl.jewelry\/pl\/wp-json\/wp\/v2\/media?parent=47604"}],"wp:term":[{"taxonomy":"product_brand","embeddable":true,"href":"https:\/\/zl.jewelry\/pl\/wp-json\/wp\/v2\/product_brand?post=47604"},{"taxonomy":"product_cat","embeddable":true,"href":"https:\/\/zl.jewelry\/pl\/wp-json\/wp\/v2\/product_cat?post=47604"},{"taxonomy":"product_tag","embeddable":true,"href":"https:\/\/zl.jewelry\/pl\/wp-json\/wp\/v2\/product_tag?post=47604"}],"curies":[{"name":"wp","href":"https:\/\/api.w.org\/{rel}","templated":true}]}}