{"id":47602,"date":"2025-06-18T10:53:43","date_gmt":"2025-06-18T10:53:43","guid":{"rendered":"https:\/\/zl.jewelry\/product\/studs-sunflower\/"},"modified":"2025-09-26T18:24:51","modified_gmt":"2025-09-26T18:24:51","slug":"studs-sunflower","status":"publish","type":"product","link":"https:\/\/zl.jewelry\/pl\/product\/studs-sunflower\/","title":{"rendered":"Zawieszki &#8222;S\u0142onecznik&#8221;"},"content":{"rendered":"<p>Kolczyki z bia\u0142ego z\u0142ota, rodowane, waga z\u0142ota w bi\u017cuterii to 2,85 grama. Wysadzane kamieniami o przybli\u017conej \u015brednicy 3.00mm (2szt);&nbsp; 1.75mm (11szt).&nbsp;<\/p>\n<p>_x000D_<\/p>\n","protected":false},"excerpt":{"rendered":"<p>Kolczyki z bia\u0142ego z\u0142ota, rodowane, waga z\u0142ota w bi\u017cuterii to 2,85 grama. Wysadzane kamieniami o przybli\u017conej \u015brednicy 3.00mm (2szt);&nbsp; 1.75mm (11szt).&nbsp; _x000D_<\/p>\n","protected":false},"featured_media":47603,"template":"","meta":{"_acf_changed":false},"product_brand":[],"product_cat":[538,545,546,548,549,550],"product_tag":[],"class_list":{"0":"post-47602","1":"product","2":"type-product","3":"status-publish","4":"has-post-thumbnail","6":"product_cat-gold-earrings-pl","7":"product_cat-earrings-up-to-5g-pl","8":"product_cat-earrings-with-diamonds-pl","9":"product_cat-earrings-with-stones-pl","10":"product_cat-studs-pl","11":"product_cat-with-cubic-zirkonia-pl","13":"first","14":"instock","15":"product-type-simple"},"acf":[],"_links":{"self":[{"href":"https:\/\/zl.jewelry\/pl\/wp-json\/wp\/v2\/product\/47602","targetHints":{"allow":["GET"]}}],"collection":[{"href":"https:\/\/zl.jewelry\/pl\/wp-json\/wp\/v2\/product"}],"about":[{"href":"https:\/\/zl.jewelry\/pl\/wp-json\/wp\/v2\/types\/product"}],"wp:featuredmedia":[{"embeddable":true,"href":"https:\/\/zl.jewelry\/pl\/wp-json\/wp\/v2\/media\/47603"}],"wp:attachment":[{"href":"https:\/\/zl.jewelry\/pl\/wp-json\/wp\/v2\/media?parent=47602"}],"wp:term":[{"taxonomy":"product_brand","embeddable":true,"href":"https:\/\/zl.jewelry\/pl\/wp-json\/wp\/v2\/product_brand?post=47602"},{"taxonomy":"product_cat","embeddable":true,"href":"https:\/\/zl.jewelry\/pl\/wp-json\/wp\/v2\/product_cat?post=47602"},{"taxonomy":"product_tag","embeddable":true,"href":"https:\/\/zl.jewelry\/pl\/wp-json\/wp\/v2\/product_tag?post=47602"}],"curies":[{"name":"wp","href":"https:\/\/api.w.org\/{rel}","templated":true}]}}