{"id":47598,"date":"2025-06-18T10:53:43","date_gmt":"2025-06-18T10:53:43","guid":{"rendered":"https:\/\/zl.jewelry\/product\/earrings-moonlight\/"},"modified":"2025-09-26T18:24:51","modified_gmt":"2025-09-26T18:24:51","slug":"earrings-moonlight","status":"publish","type":"product","link":"https:\/\/zl.jewelry\/pl\/product\/earrings-moonlight\/","title":{"rendered":"Kolczyki &#8222;\u015awiat\u0142o ksi\u0119\u017cyca&#8221;"},"content":{"rendered":"<p>Kolczyki z cytrynowego z\u0142ota, z per\u0142ami, o wadze 7,74 grama.<\/p>\n<p>.<\/p>\n","protected":false},"excerpt":{"rendered":"<p>Kolczyki z cytrynowego z\u0142ota, z per\u0142ami, o wadze 7,74 grama. .<\/p>\n","protected":false},"featured_media":47599,"template":"","meta":{"_acf_changed":false},"product_brand":[],"product_cat":[538,544,551],"product_tag":[],"class_list":{"0":"post-47598","1":"product","2":"type-product","3":"status-publish","4":"has-post-thumbnail","6":"product_cat-gold-earrings-pl","7":"product_cat-earrings-from-5gr-pl","8":"product_cat-with-pearls-2-pl","10":"first","11":"instock","12":"product-type-simple"},"acf":[],"_links":{"self":[{"href":"https:\/\/zl.jewelry\/pl\/wp-json\/wp\/v2\/product\/47598","targetHints":{"allow":["GET"]}}],"collection":[{"href":"https:\/\/zl.jewelry\/pl\/wp-json\/wp\/v2\/product"}],"about":[{"href":"https:\/\/zl.jewelry\/pl\/wp-json\/wp\/v2\/types\/product"}],"wp:featuredmedia":[{"embeddable":true,"href":"https:\/\/zl.jewelry\/pl\/wp-json\/wp\/v2\/media\/47599"}],"wp:attachment":[{"href":"https:\/\/zl.jewelry\/pl\/wp-json\/wp\/v2\/media?parent=47598"}],"wp:term":[{"taxonomy":"product_brand","embeddable":true,"href":"https:\/\/zl.jewelry\/pl\/wp-json\/wp\/v2\/product_brand?post=47598"},{"taxonomy":"product_cat","embeddable":true,"href":"https:\/\/zl.jewelry\/pl\/wp-json\/wp\/v2\/product_cat?post=47598"},{"taxonomy":"product_tag","embeddable":true,"href":"https:\/\/zl.jewelry\/pl\/wp-json\/wp\/v2\/product_tag?post=47598"}],"curies":[{"name":"wp","href":"https:\/\/api.w.org\/{rel}","templated":true}]}}