{"id":47550,"date":"2025-06-18T10:54:13","date_gmt":"2025-06-18T10:54:13","guid":{"rendered":"https:\/\/zl.jewelry\/product\/earrings-elegance\/"},"modified":"2025-09-26T18:25:21","modified_gmt":"2025-09-26T18:25:21","slug":"earrings-elegance","status":"publish","type":"product","link":"https:\/\/zl.jewelry\/pl\/product\/earrings-elegance\/","title":{"rendered":"Kolczyki &#8222;Elegancja&#8221;"},"content":{"rendered":"<p>Kolczyki z czerwonego z\u0142ota, na angielskim zamku. Waga z\u0142ota w parze 3,51 grama. \u015arednica kamieni 1,5mm (32szt), mo\u017cliwo\u015b\u0107 osadzenia dowolnych na \u017cyczenie klienta.<\/p>\n","protected":false},"excerpt":{"rendered":"<p>Kolczyki z czerwonego z\u0142ota, na angielskim zamku. Waga z\u0142ota w parze 3,51 grama. \u015arednica kamieni 1,5mm (32szt), mo\u017cliwo\u015b\u0107 osadzenia dowolnych na \u017cyczenie klienta.<\/p>\n","protected":false},"featured_media":47551,"template":"","meta":{"_acf_changed":false},"product_brand":[],"product_cat":[538,545,546,548,550],"product_tag":[],"class_list":{"0":"post-47550","1":"product","2":"type-product","3":"status-publish","4":"has-post-thumbnail","6":"product_cat-gold-earrings-pl","7":"product_cat-earrings-up-to-5g-pl","8":"product_cat-earrings-with-diamonds-pl","9":"product_cat-earrings-with-stones-pl","10":"product_cat-with-cubic-zirkonia-pl","12":"first","13":"instock","14":"product-type-simple"},"acf":[],"_links":{"self":[{"href":"https:\/\/zl.jewelry\/pl\/wp-json\/wp\/v2\/product\/47550","targetHints":{"allow":["GET"]}}],"collection":[{"href":"https:\/\/zl.jewelry\/pl\/wp-json\/wp\/v2\/product"}],"about":[{"href":"https:\/\/zl.jewelry\/pl\/wp-json\/wp\/v2\/types\/product"}],"wp:featuredmedia":[{"embeddable":true,"href":"https:\/\/zl.jewelry\/pl\/wp-json\/wp\/v2\/media\/47551"}],"wp:attachment":[{"href":"https:\/\/zl.jewelry\/pl\/wp-json\/wp\/v2\/media?parent=47550"}],"wp:term":[{"taxonomy":"product_brand","embeddable":true,"href":"https:\/\/zl.jewelry\/pl\/wp-json\/wp\/v2\/product_brand?post=47550"},{"taxonomy":"product_cat","embeddable":true,"href":"https:\/\/zl.jewelry\/pl\/wp-json\/wp\/v2\/product_cat?post=47550"},{"taxonomy":"product_tag","embeddable":true,"href":"https:\/\/zl.jewelry\/pl\/wp-json\/wp\/v2\/product_tag?post=47550"}],"curies":[{"name":"wp","href":"https:\/\/api.w.org\/{rel}","templated":true}]}}