{"id":47538,"date":"2025-06-18T10:54:19","date_gmt":"2025-06-18T10:54:19","guid":{"rendered":"https:\/\/zl.jewelry\/product\/earrings-transformers-shards\/"},"modified":"2025-09-26T18:25:29","modified_gmt":"2025-09-26T18:25:29","slug":"earrings-transformers-shards","status":"publish","type":"product","link":"https:\/\/zl.jewelry\/pl\/product\/earrings-transformers-shards\/","title":{"rendered":"Kolczyki &#8211; transformers &#8222;Od\u0142amki&#8221;"},"content":{"rendered":"<p>Kolczyki Transformer z czerwonego z\u0142ota o wadze 7,33 grama. Kamie\u0144 centralny o szlifie gruszkowym 7mmx10mm, kamienie boczne o przybli\u017conej \u015brednicy 1,5mm. Kamienie mog\u0105 by\u0107 ustawione w dowolny spos\u00f3b.&nbsp;<\/p>\n","protected":false},"excerpt":{"rendered":"<p>Kolczyki Transformer z czerwonego z\u0142ota o wadze 7,33 grama. Kamie\u0144 centralny o szlifie gruszkowym 7mmx10mm, kamienie boczne o przybli\u017conej \u015brednicy 1,5mm. Kamienie mog\u0105 by\u0107 ustawione w dowolny spos\u00f3b.&nbsp;<\/p>\n","protected":false},"featured_media":47539,"template":"","meta":{"_acf_changed":false},"product_brand":[],"product_cat":[546,544,543,542,548,550,538],"product_tag":[],"class_list":{"0":"post-47538","1":"product","2":"type-product","3":"status-publish","4":"has-post-thumbnail","6":"product_cat-earrings-with-diamonds-pl","7":"product_cat-earrings-from-5gr-pl","8":"product_cat-earrings-transformers-pl","9":"product_cat-drop-earrings-pl","10":"product_cat-earrings-with-stones-pl","11":"product_cat-with-cubic-zirkonia-pl","12":"product_cat-gold-earrings-pl","14":"first","15":"instock","16":"product-type-simple"},"acf":[],"_links":{"self":[{"href":"https:\/\/zl.jewelry\/pl\/wp-json\/wp\/v2\/product\/47538","targetHints":{"allow":["GET"]}}],"collection":[{"href":"https:\/\/zl.jewelry\/pl\/wp-json\/wp\/v2\/product"}],"about":[{"href":"https:\/\/zl.jewelry\/pl\/wp-json\/wp\/v2\/types\/product"}],"wp:featuredmedia":[{"embeddable":true,"href":"https:\/\/zl.jewelry\/pl\/wp-json\/wp\/v2\/media\/47539"}],"wp:attachment":[{"href":"https:\/\/zl.jewelry\/pl\/wp-json\/wp\/v2\/media?parent=47538"}],"wp:term":[{"taxonomy":"product_brand","embeddable":true,"href":"https:\/\/zl.jewelry\/pl\/wp-json\/wp\/v2\/product_brand?post=47538"},{"taxonomy":"product_cat","embeddable":true,"href":"https:\/\/zl.jewelry\/pl\/wp-json\/wp\/v2\/product_cat?post=47538"},{"taxonomy":"product_tag","embeddable":true,"href":"https:\/\/zl.jewelry\/pl\/wp-json\/wp\/v2\/product_tag?post=47538"}],"curies":[{"name":"wp","href":"https:\/\/api.w.org\/{rel}","templated":true}]}}