{"id":47490,"date":"2025-06-18T10:54:25","date_gmt":"2025-06-18T10:54:25","guid":{"rendered":"https:\/\/zl.jewelry\/product\/engagement-ring-sunny-dance\/"},"modified":"2025-09-26T18:25:33","modified_gmt":"2025-09-26T18:25:33","slug":"engagement-ring-sunny-dance","status":"publish","type":"product","link":"https:\/\/zl.jewelry\/pl\/product\/engagement-ring-sunny-dance\/","title":{"rendered":"Pier\u015bcionek zar\u0119czynowy &#8222;Taniec s\u0142o\u0144ca&#8221;"},"content":{"rendered":"<p>Pier\u015bcionek z cytrynowego z\u0142ota, o wadze 2,61 grama, w rozmiarze 17,5. Waga zale\u017cy od rozmiaru bi\u017cuterii. Wstawione kamienie o \u015brednicy 1mm (54&nbsp;sztuki).<\/p>\n","protected":false},"excerpt":{"rendered":"<p>Pier\u015bcionek z cytrynowego z\u0142ota, o wadze 2,61 grama, w rozmiarze 17,5. Waga zale\u017cy od rozmiaru bi\u017cuterii. Wstawione kamienie o \u015brednicy 1mm (54&nbsp;sztuki).<\/p>\n","protected":false},"featured_media":47491,"template":"","meta":{"_acf_changed":false},"product_brand":[],"product_cat":[514,515,519,522],"product_tag":[],"class_list":{"0":"post-47490","1":"product","2":"type-product","3":"status-publish","4":"has-post-thumbnail","6":"product_cat-golden-rings-pl","7":"product_cat-lemon-gold-rings-pl","8":"product_cat-rings-with-diamonds-pl","9":"product_cat-with-rocks-pl","11":"first","12":"instock","13":"product-type-simple"},"acf":[],"_links":{"self":[{"href":"https:\/\/zl.jewelry\/pl\/wp-json\/wp\/v2\/product\/47490","targetHints":{"allow":["GET"]}}],"collection":[{"href":"https:\/\/zl.jewelry\/pl\/wp-json\/wp\/v2\/product"}],"about":[{"href":"https:\/\/zl.jewelry\/pl\/wp-json\/wp\/v2\/types\/product"}],"wp:featuredmedia":[{"embeddable":true,"href":"https:\/\/zl.jewelry\/pl\/wp-json\/wp\/v2\/media\/47491"}],"wp:attachment":[{"href":"https:\/\/zl.jewelry\/pl\/wp-json\/wp\/v2\/media?parent=47490"}],"wp:term":[{"taxonomy":"product_brand","embeddable":true,"href":"https:\/\/zl.jewelry\/pl\/wp-json\/wp\/v2\/product_brand?post=47490"},{"taxonomy":"product_cat","embeddable":true,"href":"https:\/\/zl.jewelry\/pl\/wp-json\/wp\/v2\/product_cat?post=47490"},{"taxonomy":"product_tag","embeddable":true,"href":"https:\/\/zl.jewelry\/pl\/wp-json\/wp\/v2\/product_tag?post=47490"}],"curies":[{"name":"wp","href":"https:\/\/api.w.org\/{rel}","templated":true}]}}