{"id":47484,"date":"2025-06-18T10:54:25","date_gmt":"2025-06-18T10:54:25","guid":{"rendered":"https:\/\/zl.jewelry\/product\/ornate-patterns\/"},"modified":"2025-09-26T18:25:33","modified_gmt":"2025-09-26T18:25:33","slug":"ornate-patterns","status":"publish","type":"product","link":"https:\/\/zl.jewelry\/pl\/product\/ornate-patterns\/","title":{"rendered":"Ozdobne wzory"},"content":{"rendered":"<p>Kolczyki z zawieszkami, w kolorze cytrynowego z\u0142ota, na zapi\u0119ciu angielskim o wadze 7,03 grama, \u015brednica dolnego k\u00f3\u0142ka 22 &#8211; 23mm.<\/p>\n","protected":false},"excerpt":{"rendered":"<p>Kolczyki z zawieszkami, w kolorze cytrynowego z\u0142ota, na zapi\u0119ciu angielskim o wadze 7,03 grama, \u015brednica dolnego k\u00f3\u0142ka 22 &#8211; 23mm.<\/p>\n","protected":false},"featured_media":47485,"template":"","meta":{"_acf_changed":false},"product_brand":[],"product_cat":[538,542,544,547],"product_tag":[],"class_list":{"0":"post-47484","1":"product","2":"type-product","3":"status-publish","4":"has-post-thumbnail","6":"product_cat-gold-earrings-pl","7":"product_cat-drop-earrings-pl","8":"product_cat-earrings-from-5gr-pl","9":"product_cat-earrings-without-inserts-pl","11":"first","12":"instock","13":"product-type-simple"},"acf":[],"_links":{"self":[{"href":"https:\/\/zl.jewelry\/pl\/wp-json\/wp\/v2\/product\/47484","targetHints":{"allow":["GET"]}}],"collection":[{"href":"https:\/\/zl.jewelry\/pl\/wp-json\/wp\/v2\/product"}],"about":[{"href":"https:\/\/zl.jewelry\/pl\/wp-json\/wp\/v2\/types\/product"}],"wp:featuredmedia":[{"embeddable":true,"href":"https:\/\/zl.jewelry\/pl\/wp-json\/wp\/v2\/media\/47485"}],"wp:attachment":[{"href":"https:\/\/zl.jewelry\/pl\/wp-json\/wp\/v2\/media?parent=47484"}],"wp:term":[{"taxonomy":"product_brand","embeddable":true,"href":"https:\/\/zl.jewelry\/pl\/wp-json\/wp\/v2\/product_brand?post=47484"},{"taxonomy":"product_cat","embeddable":true,"href":"https:\/\/zl.jewelry\/pl\/wp-json\/wp\/v2\/product_cat?post=47484"},{"taxonomy":"product_tag","embeddable":true,"href":"https:\/\/zl.jewelry\/pl\/wp-json\/wp\/v2\/product_tag?post=47484"}],"curies":[{"name":"wp","href":"https:\/\/api.w.org\/{rel}","templated":true}]}}