{"id":47472,"date":"2025-06-18T10:54:25","date_gmt":"2025-06-18T10:54:25","guid":{"rendered":"https:\/\/zl.jewelry\/product\/studs-with-sapphires\/"},"modified":"2025-09-26T18:25:32","modified_gmt":"2025-09-26T18:25:32","slug":"studs-with-sapphires","status":"publish","type":"product","link":"https:\/\/zl.jewelry\/pl\/product\/studs-with-sapphires\/","title":{"rendered":"Poussettes z szafirami"},"content":{"rendered":"<p>Kolczyki cipki z czerwonego z\u0142ota o wadze 2,00 grama. W centrum kolczyk&oacute;w znajduj\u0105 si\u0119 kamienie o \u015brednicy 4,5 mm. Mog\u0105 by\u0107 oprawione w dowolny spos&oacute;b.<\/p>\n<p>_x000D_<\/p>\n","protected":false},"excerpt":{"rendered":"<p>Kolczyki cipki z czerwonego z\u0142ota o wadze 2,00 grama. W centrum kolczyk&oacute;w znajduj\u0105 si\u0119 kamienie o \u015brednicy 4,5 mm. Mog\u0105 by\u0107 oprawione w dowolny spos&oacute;b. _x000D_<\/p>\n","protected":false},"featured_media":47473,"template":"","meta":{"_acf_changed":false},"product_brand":[],"product_cat":[545,548,549,550,538],"product_tag":[],"class_list":{"0":"post-47472","1":"product","2":"type-product","3":"status-publish","4":"has-post-thumbnail","6":"product_cat-earrings-up-to-5g-pl","7":"product_cat-earrings-with-stones-pl","8":"product_cat-studs-pl","9":"product_cat-with-cubic-zirkonia-pl","10":"product_cat-gold-earrings-pl","12":"first","13":"instock","14":"product-type-simple"},"acf":[],"_links":{"self":[{"href":"https:\/\/zl.jewelry\/pl\/wp-json\/wp\/v2\/product\/47472","targetHints":{"allow":["GET"]}}],"collection":[{"href":"https:\/\/zl.jewelry\/pl\/wp-json\/wp\/v2\/product"}],"about":[{"href":"https:\/\/zl.jewelry\/pl\/wp-json\/wp\/v2\/types\/product"}],"wp:featuredmedia":[{"embeddable":true,"href":"https:\/\/zl.jewelry\/pl\/wp-json\/wp\/v2\/media\/47473"}],"wp:attachment":[{"href":"https:\/\/zl.jewelry\/pl\/wp-json\/wp\/v2\/media?parent=47472"}],"wp:term":[{"taxonomy":"product_brand","embeddable":true,"href":"https:\/\/zl.jewelry\/pl\/wp-json\/wp\/v2\/product_brand?post=47472"},{"taxonomy":"product_cat","embeddable":true,"href":"https:\/\/zl.jewelry\/pl\/wp-json\/wp\/v2\/product_cat?post=47472"},{"taxonomy":"product_tag","embeddable":true,"href":"https:\/\/zl.jewelry\/pl\/wp-json\/wp\/v2\/product_tag?post=47472"}],"curies":[{"name":"wp","href":"https:\/\/api.w.org\/{rel}","templated":true}]}}