{"id":47456,"date":"2025-06-18T10:54:30","date_gmt":"2025-06-18T10:54:30","guid":{"rendered":"https:\/\/zl.jewelry\/product\/earrings\/"},"modified":"2025-09-26T18:25:40","modified_gmt":"2025-09-26T18:25:40","slug":"earrings","status":"publish","type":"product","link":"https:\/\/zl.jewelry\/pl\/product\/earrings\/","title":{"rendered":"Kolczyki"},"content":{"rendered":"<p>Z\u0142ote kolczyki z czerwonego z\u0142ota o wadze 2,45 grama. Kolczyki s\u0105 wysadzane kamieniami o przybli\u017conej \u015brednicy 2,00 mm (44 sztuki)..<\/p>\n","protected":false},"excerpt":{"rendered":"<p>Z\u0142ote kolczyki z czerwonego z\u0142ota o wadze 2,45 grama. Kolczyki s\u0105 wysadzane kamieniami o przybli\u017conej \u015brednicy 2,00 mm (44 sztuki)..<\/p>\n","protected":false},"featured_media":47457,"template":"","meta":{"_acf_changed":false},"product_brand":[],"product_cat":[538,545,546,548,550],"product_tag":[],"class_list":{"0":"post-47456","1":"product","2":"type-product","3":"status-publish","4":"has-post-thumbnail","6":"product_cat-gold-earrings-pl","7":"product_cat-earrings-up-to-5g-pl","8":"product_cat-earrings-with-diamonds-pl","9":"product_cat-earrings-with-stones-pl","10":"product_cat-with-cubic-zirkonia-pl","12":"first","13":"instock","14":"product-type-simple"},"acf":[],"_links":{"self":[{"href":"https:\/\/zl.jewelry\/pl\/wp-json\/wp\/v2\/product\/47456","targetHints":{"allow":["GET"]}}],"collection":[{"href":"https:\/\/zl.jewelry\/pl\/wp-json\/wp\/v2\/product"}],"about":[{"href":"https:\/\/zl.jewelry\/pl\/wp-json\/wp\/v2\/types\/product"}],"wp:featuredmedia":[{"embeddable":true,"href":"https:\/\/zl.jewelry\/pl\/wp-json\/wp\/v2\/media\/47457"}],"wp:attachment":[{"href":"https:\/\/zl.jewelry\/pl\/wp-json\/wp\/v2\/media?parent=47456"}],"wp:term":[{"taxonomy":"product_brand","embeddable":true,"href":"https:\/\/zl.jewelry\/pl\/wp-json\/wp\/v2\/product_brand?post=47456"},{"taxonomy":"product_cat","embeddable":true,"href":"https:\/\/zl.jewelry\/pl\/wp-json\/wp\/v2\/product_cat?post=47456"},{"taxonomy":"product_tag","embeddable":true,"href":"https:\/\/zl.jewelry\/pl\/wp-json\/wp\/v2\/product_tag?post=47456"}],"curies":[{"name":"wp","href":"https:\/\/api.w.org\/{rel}","templated":true}]}}