{"id":47438,"date":"2025-06-18T10:54:30","date_gmt":"2025-06-18T10:54:30","guid":{"rendered":"https:\/\/zl.jewelry\/product\/earrings-dewdrop\/"},"modified":"2025-09-26T18:25:38","modified_gmt":"2025-09-26T18:25:38","slug":"earrings-dewdrop","status":"publish","type":"product","link":"https:\/\/zl.jewelry\/pl\/product\/earrings-dewdrop\/","title":{"rendered":"Kolczyki &#8222;Dewdrop&#8221;"},"content":{"rendered":"<p>Kolczyki &#8211; brosze&nbsp; z czerwonego z\u0142ota, o wadze&nbsp; 4,54 grama. Kamienie o \u015brednicy 2,5mm (2szt); 1,00mm (24szt). Wysoko\u015b\u0107 kolczyka od przodu wynosi 70mm.<\/p>\n","protected":false},"excerpt":{"rendered":"<p>Kolczyki &#8211; brosze&nbsp; z czerwonego z\u0142ota, o wadze&nbsp; 4,54 grama. Kamienie o \u015brednicy 2,5mm (2szt); 1,00mm (24szt). Wysoko\u015b\u0107 kolczyka od przodu wynosi 70mm.<\/p>\n","protected":false},"featured_media":47439,"template":"","meta":{"_acf_changed":false},"product_brand":[],"product_cat":[538,545,546,548,550],"product_tag":[],"class_list":{"0":"post-47438","1":"product","2":"type-product","3":"status-publish","4":"has-post-thumbnail","6":"product_cat-gold-earrings-pl","7":"product_cat-earrings-up-to-5g-pl","8":"product_cat-earrings-with-diamonds-pl","9":"product_cat-earrings-with-stones-pl","10":"product_cat-with-cubic-zirkonia-pl","12":"first","13":"instock","14":"product-type-simple"},"acf":[],"_links":{"self":[{"href":"https:\/\/zl.jewelry\/pl\/wp-json\/wp\/v2\/product\/47438","targetHints":{"allow":["GET"]}}],"collection":[{"href":"https:\/\/zl.jewelry\/pl\/wp-json\/wp\/v2\/product"}],"about":[{"href":"https:\/\/zl.jewelry\/pl\/wp-json\/wp\/v2\/types\/product"}],"wp:featuredmedia":[{"embeddable":true,"href":"https:\/\/zl.jewelry\/pl\/wp-json\/wp\/v2\/media\/47439"}],"wp:attachment":[{"href":"https:\/\/zl.jewelry\/pl\/wp-json\/wp\/v2\/media?parent=47438"}],"wp:term":[{"taxonomy":"product_brand","embeddable":true,"href":"https:\/\/zl.jewelry\/pl\/wp-json\/wp\/v2\/product_brand?post=47438"},{"taxonomy":"product_cat","embeddable":true,"href":"https:\/\/zl.jewelry\/pl\/wp-json\/wp\/v2\/product_cat?post=47438"},{"taxonomy":"product_tag","embeddable":true,"href":"https:\/\/zl.jewelry\/pl\/wp-json\/wp\/v2\/product_tag?post=47438"}],"curies":[{"name":"wp","href":"https:\/\/api.w.org\/{rel}","templated":true}]}}