{"id":47400,"date":"2025-06-18T10:54:35","date_gmt":"2025-06-18T10:54:35","guid":{"rendered":"https:\/\/zl.jewelry\/product\/chain-chrisma\/"},"modified":"2025-09-26T18:25:43","modified_gmt":"2025-09-26T18:25:43","slug":"chain-chrisma","status":"publish","type":"product","link":"https:\/\/zl.jewelry\/pl\/product\/chain-chrisma\/","title":{"rendered":"\u0141a\u0144cuch &#8222;Chrisma&#8221;"},"content":{"rendered":"<p>\u0141a\u0144cuszek jest w kolorze czerwonego z\u0142ota, lataj\u0105cy. Ogniwa s\u0105 modelowane za pomoc\u0105 wzor&oacute;w. Zapi\u0119cie to karabi\u0144czyk. Waga r&oacute;\u017cni si\u0119 w zale\u017cno\u015bci od rozmiaru. Wz&oacute;r mo\u017ce by\u0107 zmieniony zgodnie z \u017cyczeniem klienta.&nbsp;<\/p>\n<p>_x000D_<\/p>\n","protected":false},"excerpt":{"rendered":"<p>\u0141a\u0144cuszek jest w kolorze czerwonego z\u0142ota, lataj\u0105cy. Ogniwa s\u0105 modelowane za pomoc\u0105 wzor&oacute;w. Zapi\u0119cie to karabi\u0144czyk. Waga r&oacute;\u017cni si\u0119 w zale\u017cno\u015bci od rozmiaru. Wz&oacute;r mo\u017ce by\u0107 zmieniony zgodnie z \u017cyczeniem klienta.&nbsp; _x000D_<\/p>\n","protected":false},"featured_media":47401,"template":"","meta":{"_acf_changed":false},"product_brand":[],"product_cat":[490,495,493,494],"product_tag":[],"class_list":{"0":"post-47400","1":"product","2":"type-product","3":"status-publish","4":"has-post-thumbnail","6":"product_cat-gold-chains","7":"product_cat-gold-chains-up-to-50-gr-pl","8":"product_cat-mens-chains-pl","9":"product_cat-womens-chains-pl","11":"first","12":"instock","13":"product-type-simple"},"acf":[],"_links":{"self":[{"href":"https:\/\/zl.jewelry\/pl\/wp-json\/wp\/v2\/product\/47400","targetHints":{"allow":["GET"]}}],"collection":[{"href":"https:\/\/zl.jewelry\/pl\/wp-json\/wp\/v2\/product"}],"about":[{"href":"https:\/\/zl.jewelry\/pl\/wp-json\/wp\/v2\/types\/product"}],"wp:featuredmedia":[{"embeddable":true,"href":"https:\/\/zl.jewelry\/pl\/wp-json\/wp\/v2\/media\/47401"}],"wp:attachment":[{"href":"https:\/\/zl.jewelry\/pl\/wp-json\/wp\/v2\/media?parent=47400"}],"wp:term":[{"taxonomy":"product_brand","embeddable":true,"href":"https:\/\/zl.jewelry\/pl\/wp-json\/wp\/v2\/product_brand?post=47400"},{"taxonomy":"product_cat","embeddable":true,"href":"https:\/\/zl.jewelry\/pl\/wp-json\/wp\/v2\/product_cat?post=47400"},{"taxonomy":"product_tag","embeddable":true,"href":"https:\/\/zl.jewelry\/pl\/wp-json\/wp\/v2\/product_tag?post=47400"}],"curies":[{"name":"wp","href":"https:\/\/api.w.org\/{rel}","templated":true}]}}