{"id":47388,"date":"2025-06-18T10:54:35","date_gmt":"2025-06-18T10:54:35","guid":{"rendered":"https:\/\/zl.jewelry\/product\/earrings-zigzag\/"},"modified":"2025-09-26T18:25:42","modified_gmt":"2025-09-26T18:25:42","slug":"earrings-zigzag","status":"publish","type":"product","link":"https:\/\/zl.jewelry\/pl\/product\/earrings-zigzag\/","title":{"rendered":"Kolczyki &#8222;Zygzak&#8221;"},"content":{"rendered":"<p>Kolczyki z bia\u0142ego z\u0142ota pokrytego rodem. Waga z\u0142ota w kolczykach wynosi 2,07 grama. W kolczykach osadzone s\u0105 kamienie o \u015brednicy oko\u0142o 1,5mm, 1,00mm. Zapi\u0119cie jest angielskie. Wz\u00f3r mo\u017ce zosta\u0107 zmieniony na \u017cyczenie klienta.<\/p>\n","protected":false},"excerpt":{"rendered":"<p>Kolczyki z bia\u0142ego z\u0142ota pokrytego rodem. Waga z\u0142ota w kolczykach wynosi 2,07 grama. W kolczykach osadzone s\u0105 kamienie o \u015brednicy oko\u0142o 1,5mm, 1,00mm. Zapi\u0119cie jest angielskie. Wz\u00f3r mo\u017ce zosta\u0107 zmieniony na \u017cyczenie klienta.<\/p>\n","protected":false},"featured_media":47389,"template":"","meta":{"_acf_changed":false},"product_brand":[],"product_cat":[538,545,546,548,550],"product_tag":[],"class_list":{"0":"post-47388","1":"product","2":"type-product","3":"status-publish","4":"has-post-thumbnail","6":"product_cat-gold-earrings-pl","7":"product_cat-earrings-up-to-5g-pl","8":"product_cat-earrings-with-diamonds-pl","9":"product_cat-earrings-with-stones-pl","10":"product_cat-with-cubic-zirkonia-pl","12":"first","13":"instock","14":"product-type-simple"},"acf":[],"_links":{"self":[{"href":"https:\/\/zl.jewelry\/pl\/wp-json\/wp\/v2\/product\/47388","targetHints":{"allow":["GET"]}}],"collection":[{"href":"https:\/\/zl.jewelry\/pl\/wp-json\/wp\/v2\/product"}],"about":[{"href":"https:\/\/zl.jewelry\/pl\/wp-json\/wp\/v2\/types\/product"}],"wp:featuredmedia":[{"embeddable":true,"href":"https:\/\/zl.jewelry\/pl\/wp-json\/wp\/v2\/media\/47389"}],"wp:attachment":[{"href":"https:\/\/zl.jewelry\/pl\/wp-json\/wp\/v2\/media?parent=47388"}],"wp:term":[{"taxonomy":"product_brand","embeddable":true,"href":"https:\/\/zl.jewelry\/pl\/wp-json\/wp\/v2\/product_brand?post=47388"},{"taxonomy":"product_cat","embeddable":true,"href":"https:\/\/zl.jewelry\/pl\/wp-json\/wp\/v2\/product_cat?post=47388"},{"taxonomy":"product_tag","embeddable":true,"href":"https:\/\/zl.jewelry\/pl\/wp-json\/wp\/v2\/product_tag?post=47388"}],"curies":[{"name":"wp","href":"https:\/\/api.w.org\/{rel}","templated":true}]}}