{"id":47380,"date":"2025-06-18T10:50:56","date_gmt":"2025-06-18T10:50:56","guid":{"rendered":"https:\/\/zl.jewelry\/product\/ring-eclipse\/"},"modified":"2025-09-26T18:22:27","modified_gmt":"2025-09-26T18:22:27","slug":"ring-eclipse","status":"publish","type":"product","link":"https:\/\/zl.jewelry\/pl\/product\/ring-eclipse\/","title":{"rendered":"Pier\u015bcionek &#8222;Eclipse&#8221;"},"content":{"rendered":"<p>Pier\u015bcionek z czerwonego z\u0142ota. Przy rozmiarze 17,5 waga obr\u0105czki wynosi 1,55 grama. Wstawki centralne szafir &#8211; owal, rozmiar 6x4mm, brylanty o \u015brednicy 1,25mm (6 szt.).<\/p>\n<p>_x000D_<br \/>\n_x000D_<\/p>\n<p>&nbsp;<\/p>\n<p>_x000D_<\/p>\n","protected":false},"excerpt":{"rendered":"<p>Pier\u015bcionek z czerwonego z\u0142ota. Przy rozmiarze 17,5 waga obr\u0105czki wynosi 1,55 grama. Wstawki centralne szafir &#8211; owal, rozmiar 6x4mm, brylanty o \u015brednicy 1,25mm (6 szt.). _x000D_ _x000D_ &nbsp; _x000D_<\/p>\n","protected":false},"featured_media":47381,"template":"","meta":{"_acf_changed":false},"product_brand":[],"product_cat":[523,526],"product_tag":[],"class_list":{"0":"post-47380","1":"product","2":"type-product","3":"status-publish","4":"has-post-thumbnail","6":"product_cat-engagement-rings-pl","7":"product_cat-red-gold-engagement-rings-pl","9":"first","10":"instock","11":"product-type-simple"},"acf":[],"_links":{"self":[{"href":"https:\/\/zl.jewelry\/pl\/wp-json\/wp\/v2\/product\/47380","targetHints":{"allow":["GET"]}}],"collection":[{"href":"https:\/\/zl.jewelry\/pl\/wp-json\/wp\/v2\/product"}],"about":[{"href":"https:\/\/zl.jewelry\/pl\/wp-json\/wp\/v2\/types\/product"}],"wp:featuredmedia":[{"embeddable":true,"href":"https:\/\/zl.jewelry\/pl\/wp-json\/wp\/v2\/media\/47381"}],"wp:attachment":[{"href":"https:\/\/zl.jewelry\/pl\/wp-json\/wp\/v2\/media?parent=47380"}],"wp:term":[{"taxonomy":"product_brand","embeddable":true,"href":"https:\/\/zl.jewelry\/pl\/wp-json\/wp\/v2\/product_brand?post=47380"},{"taxonomy":"product_cat","embeddable":true,"href":"https:\/\/zl.jewelry\/pl\/wp-json\/wp\/v2\/product_cat?post=47380"},{"taxonomy":"product_tag","embeddable":true,"href":"https:\/\/zl.jewelry\/pl\/wp-json\/wp\/v2\/product_tag?post=47380"}],"curies":[{"name":"wp","href":"https:\/\/api.w.org\/{rel}","templated":true}]}}