{"id":47376,"date":"2025-06-18T10:50:56","date_gmt":"2025-06-18T10:50:56","guid":{"rendered":"https:\/\/zl.jewelry\/product\/engagement-ring-wing-of-love\/"},"modified":"2025-09-26T18:22:26","modified_gmt":"2025-09-26T18:22:26","slug":"engagement-ring-wing-of-love","status":"publish","type":"product","link":"https:\/\/zl.jewelry\/pl\/product\/engagement-ring-wing-of-love\/","title":{"rendered":"Pier\u015bcionek zar\u0119czynowy &#8222;Skrzyd\u0142o mi\u0142o\u015bci&#8221;"},"content":{"rendered":"","protected":false},"excerpt":{"rendered":"","protected":false},"featured_media":47377,"template":"","meta":{"_acf_changed":false},"product_brand":[],"product_cat":[518,519,522,514],"product_tag":[],"class_list":{"0":"post-47376","1":"product","2":"type-product","3":"status-publish","4":"has-post-thumbnail","6":"product_cat-red-gold-rings-pl","7":"product_cat-rings-with-diamonds-pl","8":"product_cat-with-rocks-pl","9":"product_cat-golden-rings-pl","11":"first","12":"instock","13":"product-type-simple"},"acf":[],"_links":{"self":[{"href":"https:\/\/zl.jewelry\/pl\/wp-json\/wp\/v2\/product\/47376","targetHints":{"allow":["GET"]}}],"collection":[{"href":"https:\/\/zl.jewelry\/pl\/wp-json\/wp\/v2\/product"}],"about":[{"href":"https:\/\/zl.jewelry\/pl\/wp-json\/wp\/v2\/types\/product"}],"wp:featuredmedia":[{"embeddable":true,"href":"https:\/\/zl.jewelry\/pl\/wp-json\/wp\/v2\/media\/47377"}],"wp:attachment":[{"href":"https:\/\/zl.jewelry\/pl\/wp-json\/wp\/v2\/media?parent=47376"}],"wp:term":[{"taxonomy":"product_brand","embeddable":true,"href":"https:\/\/zl.jewelry\/pl\/wp-json\/wp\/v2\/product_brand?post=47376"},{"taxonomy":"product_cat","embeddable":true,"href":"https:\/\/zl.jewelry\/pl\/wp-json\/wp\/v2\/product_cat?post=47376"},{"taxonomy":"product_tag","embeddable":true,"href":"https:\/\/zl.jewelry\/pl\/wp-json\/wp\/v2\/product_tag?post=47376"}],"curies":[{"name":"wp","href":"https:\/\/api.w.org\/{rel}","templated":true}]}}