{"id":47353,"date":"2025-06-18T10:50:56","date_gmt":"2025-06-18T10:50:56","guid":{"rendered":"https:\/\/zl.jewelry\/product\/engagement-ring-princess-in-white-gold\/"},"modified":"2025-09-26T18:22:27","modified_gmt":"2025-09-26T18:22:27","slug":"engagement-ring-princess-in-white-gold","status":"publish","type":"product","link":"https:\/\/zl.jewelry\/pl\/product\/engagement-ring-princess-in-white-gold\/","title":{"rendered":"Pier\u015bcionek zar\u0119czynowy &#8222;Princess&#8221; z bia\u0142ego z\u0142ota"},"content":{"rendered":"","protected":false},"excerpt":{"rendered":"","protected":false},"featured_media":47354,"template":"","meta":{"_acf_changed":false},"product_brand":[],"product_cat":[523,524,527],"product_tag":[],"class_list":{"0":"post-47353","1":"product","2":"type-product","3":"status-publish","4":"has-post-thumbnail","6":"product_cat-engagement-rings-pl","7":"product_cat-engagement-rings-with-diamonds-pl","8":"product_cat-white-gold-engagement-rings-pl","10":"first","11":"instock","12":"product-type-simple"},"acf":[],"_links":{"self":[{"href":"https:\/\/zl.jewelry\/pl\/wp-json\/wp\/v2\/product\/47353","targetHints":{"allow":["GET"]}}],"collection":[{"href":"https:\/\/zl.jewelry\/pl\/wp-json\/wp\/v2\/product"}],"about":[{"href":"https:\/\/zl.jewelry\/pl\/wp-json\/wp\/v2\/types\/product"}],"wp:featuredmedia":[{"embeddable":true,"href":"https:\/\/zl.jewelry\/pl\/wp-json\/wp\/v2\/media\/47354"}],"wp:attachment":[{"href":"https:\/\/zl.jewelry\/pl\/wp-json\/wp\/v2\/media?parent=47353"}],"wp:term":[{"taxonomy":"product_brand","embeddable":true,"href":"https:\/\/zl.jewelry\/pl\/wp-json\/wp\/v2\/product_brand?post=47353"},{"taxonomy":"product_cat","embeddable":true,"href":"https:\/\/zl.jewelry\/pl\/wp-json\/wp\/v2\/product_cat?post=47353"},{"taxonomy":"product_tag","embeddable":true,"href":"https:\/\/zl.jewelry\/pl\/wp-json\/wp\/v2\/product_tag?post=47353"}],"curies":[{"name":"wp","href":"https:\/\/api.w.org\/{rel}","templated":true}]}}