{"id":47341,"date":"2025-06-18T10:51:01","date_gmt":"2025-06-18T10:51:01","guid":{"rendered":"https:\/\/zl.jewelry\/product\/bracelet-with-tigers-eye\/"},"modified":"2025-09-26T18:22:32","modified_gmt":"2025-09-26T18:22:32","slug":"bracelet-with-tigers-eye","status":"publish","type":"product","link":"https:\/\/zl.jewelry\/pl\/product\/bracelet-with-tigers-eye\/","title":{"rendered":"Bransoletka z tygrysim okiem"},"content":{"rendered":"<p>Bransoletka z czerwonego z\u0142ota pr\u00f3by 585*, pomi\u0119dzy kamieniami splot \u0142a\u0144cuszka bismarck. D\u0142ugo\u015b\u0107 21cm, szeroko\u015b\u0107 splotu na szeroko\u015b\u0107 kamieni, waga z\u0142ota w bransoletce 17,49g. Wielko\u015b\u0107 kamieni 8,5&#215;10,5mm<\/p>\n","protected":false},"excerpt":{"rendered":"<p>Bransoletka z czerwonego z\u0142ota pr\u00f3by 585*, pomi\u0119dzy kamieniami splot \u0142a\u0144cuszka bismarck. D\u0142ugo\u015b\u0107 21cm, szeroko\u015b\u0107 splotu na szeroko\u015b\u0107 kamieni, waga z\u0142ota w bransoletce 17,49g. Wielko\u015b\u0107 kamieni 8,5&#215;10,5mm<\/p>\n","protected":false},"featured_media":47342,"template":"","meta":{"_acf_changed":false},"product_brand":[],"product_cat":[557,560],"product_tag":[],"class_list":{"0":"post-47341","1":"product","2":"type-product","3":"status-publish","4":"has-post-thumbnail","6":"product_cat-bracelets-pl","7":"product_cat-gold-bracelets-up-to-30-gr-pl","9":"first","10":"instock","11":"product-type-simple"},"acf":[],"_links":{"self":[{"href":"https:\/\/zl.jewelry\/pl\/wp-json\/wp\/v2\/product\/47341","targetHints":{"allow":["GET"]}}],"collection":[{"href":"https:\/\/zl.jewelry\/pl\/wp-json\/wp\/v2\/product"}],"about":[{"href":"https:\/\/zl.jewelry\/pl\/wp-json\/wp\/v2\/types\/product"}],"wp:featuredmedia":[{"embeddable":true,"href":"https:\/\/zl.jewelry\/pl\/wp-json\/wp\/v2\/media\/47342"}],"wp:attachment":[{"href":"https:\/\/zl.jewelry\/pl\/wp-json\/wp\/v2\/media?parent=47341"}],"wp:term":[{"taxonomy":"product_brand","embeddable":true,"href":"https:\/\/zl.jewelry\/pl\/wp-json\/wp\/v2\/product_brand?post=47341"},{"taxonomy":"product_cat","embeddable":true,"href":"https:\/\/zl.jewelry\/pl\/wp-json\/wp\/v2\/product_cat?post=47341"},{"taxonomy":"product_tag","embeddable":true,"href":"https:\/\/zl.jewelry\/pl\/wp-json\/wp\/v2\/product_tag?post=47341"}],"curies":[{"name":"wp","href":"https:\/\/api.w.org\/{rel}","templated":true}]}}