{"id":47337,"date":"2025-06-18T10:51:01","date_gmt":"2025-06-18T10:51:01","guid":{"rendered":"https:\/\/zl.jewelry\/product\/wedding-ring-yin-and-yang\/"},"modified":"2025-09-26T18:22:32","modified_gmt":"2025-09-26T18:22:32","slug":"wedding-ring-yin-and-yang","status":"publish","type":"product","link":"https:\/\/zl.jewelry\/pl\/product\/wedding-ring-yin-and-yang\/","title":{"rendered":"Pier\u015bcionek zar\u0119czynowy &#8222;Yin i Yang&#8221;"},"content":{"rendered":"<p>Obr\u0105czki z czerwonego z\u0142ota pr&oacute;by 585*. Szeroko\u015b\u0107 obr\u0105czek wynosi 8mm. Czarne fianity o \u015brednicy 1,5 mm i bezbarwne fianity o \u015brednicy 1,25 mm..<\/p>\n<p>_x000D_<\/p>\n","protected":false},"excerpt":{"rendered":"<p>Obr\u0105czki z czerwonego z\u0142ota pr&oacute;by 585*. Szeroko\u015b\u0107 obr\u0105czek wynosi 8mm. Czarne fianity o \u015brednicy 1,5 mm i bezbarwne fianity o \u015brednicy 1,25 mm.. _x000D_<\/p>\n","protected":false},"featured_media":47338,"template":"","meta":{"_acf_changed":false},"product_brand":[],"product_cat":[528,533,537],"product_tag":[],"class_list":{"0":"post-47337","1":"product","2":"type-product","3":"status-publish","4":"has-post-thumbnail","6":"product_cat-wedding-rings-pl","7":"product_cat-red-gold-wedding-rings-pl","8":"product_cat-with-rocks-4-pl","10":"first","11":"instock","12":"product-type-simple"},"acf":[],"_links":{"self":[{"href":"https:\/\/zl.jewelry\/pl\/wp-json\/wp\/v2\/product\/47337","targetHints":{"allow":["GET"]}}],"collection":[{"href":"https:\/\/zl.jewelry\/pl\/wp-json\/wp\/v2\/product"}],"about":[{"href":"https:\/\/zl.jewelry\/pl\/wp-json\/wp\/v2\/types\/product"}],"wp:featuredmedia":[{"embeddable":true,"href":"https:\/\/zl.jewelry\/pl\/wp-json\/wp\/v2\/media\/47338"}],"wp:attachment":[{"href":"https:\/\/zl.jewelry\/pl\/wp-json\/wp\/v2\/media?parent=47337"}],"wp:term":[{"taxonomy":"product_brand","embeddable":true,"href":"https:\/\/zl.jewelry\/pl\/wp-json\/wp\/v2\/product_brand?post=47337"},{"taxonomy":"product_cat","embeddable":true,"href":"https:\/\/zl.jewelry\/pl\/wp-json\/wp\/v2\/product_cat?post=47337"},{"taxonomy":"product_tag","embeddable":true,"href":"https:\/\/zl.jewelry\/pl\/wp-json\/wp\/v2\/product_tag?post=47337"}],"curies":[{"name":"wp","href":"https:\/\/api.w.org\/{rel}","templated":true}]}}