{"id":47333,"date":"2025-06-18T10:51:01","date_gmt":"2025-06-18T10:51:01","guid":{"rendered":"https:\/\/zl.jewelry\/product\/engagement-ring-color-of-the-sun\/"},"modified":"2025-09-26T18:22:32","modified_gmt":"2025-09-26T18:22:32","slug":"engagement-ring-color-of-the-sun","status":"publish","type":"product","link":"https:\/\/zl.jewelry\/pl\/product\/engagement-ring-color-of-the-sun\/","title":{"rendered":"Pier\u015bcionek zar\u0119czynowy &#8222;Kolor s\u0142o\u0144ca&#8221;"},"content":{"rendered":"<p>Pier\u015bcionek z czerwonego z\u0142ota, z wstawkami z kamieni. Kamienie mog\u0105 by\u0107 ustawione w dowolny spos\u00f3b. \u015arednica kamieni: 3,80mm; 1,00mm (2szt); 1,20mm (4szt). Przy rozmiarze 16,5 waga z\u0142ota w pier\u015bcionku wynosi 1,92 grama. Waga r\u00f3\u017cni si\u0119 w zale\u017cno\u015bci od rozmiaru.&nbsp;<\/p>\n","protected":false},"excerpt":{"rendered":"<p>Pier\u015bcionek z czerwonego z\u0142ota, z wstawkami z kamieni. Kamienie mog\u0105 by\u0107 ustawione w dowolny spos\u00f3b. \u015arednica kamieni: 3,80mm; 1,00mm (2szt); 1,20mm (4szt). Przy rozmiarze 16,5 waga z\u0142ota w pier\u015bcionku wynosi 1,92 grama. Waga r\u00f3\u017cni si\u0119 w zale\u017cno\u015bci od rozmiaru.&nbsp;<\/p>\n","protected":false},"featured_media":48331,"template":"","meta":{"_acf_changed":false},"product_brand":[],"product_cat":[523,524,526],"product_tag":[],"class_list":{"0":"post-47333","1":"product","2":"type-product","3":"status-publish","4":"has-post-thumbnail","6":"product_cat-engagement-rings-pl","7":"product_cat-engagement-rings-with-diamonds-pl","8":"product_cat-red-gold-engagement-rings-pl","10":"first","11":"instock","12":"product-type-simple"},"acf":[],"_links":{"self":[{"href":"https:\/\/zl.jewelry\/pl\/wp-json\/wp\/v2\/product\/47333","targetHints":{"allow":["GET"]}}],"collection":[{"href":"https:\/\/zl.jewelry\/pl\/wp-json\/wp\/v2\/product"}],"about":[{"href":"https:\/\/zl.jewelry\/pl\/wp-json\/wp\/v2\/types\/product"}],"wp:featuredmedia":[{"embeddable":true,"href":"https:\/\/zl.jewelry\/pl\/wp-json\/wp\/v2\/media\/48331"}],"wp:attachment":[{"href":"https:\/\/zl.jewelry\/pl\/wp-json\/wp\/v2\/media?parent=47333"}],"wp:term":[{"taxonomy":"product_brand","embeddable":true,"href":"https:\/\/zl.jewelry\/pl\/wp-json\/wp\/v2\/product_brand?post=47333"},{"taxonomy":"product_cat","embeddable":true,"href":"https:\/\/zl.jewelry\/pl\/wp-json\/wp\/v2\/product_cat?post=47333"},{"taxonomy":"product_tag","embeddable":true,"href":"https:\/\/zl.jewelry\/pl\/wp-json\/wp\/v2\/product_tag?post=47333"}],"curies":[{"name":"wp","href":"https:\/\/api.w.org\/{rel}","templated":true}]}}