{"id":47321,"date":"2025-06-18T10:51:01","date_gmt":"2025-06-18T10:51:01","guid":{"rendered":"https:\/\/zl.jewelry\/product\/engagement-ring-rhombic-facets\/"},"modified":"2025-09-26T18:22:30","modified_gmt":"2025-09-26T18:22:30","slug":"engagement-ring-rhombic-facets","status":"publish","type":"product","link":"https:\/\/zl.jewelry\/pl\/product\/engagement-ring-rhombic-facets\/","title":{"rendered":"Pier\u015bcionek zar\u0119czynowy &#8222;Rhombic facets&#8221;"},"content":{"rendered":"<p>Pier\u015bcionek z czerwonego z\u0142ota o rombowym wzorze. Przy rozmiarze 16,5 pier\u015bcionek wa\u017cy 4,81 grama. Wstawiony diament o \u015brednicy 3,3 mm.<\/p>\n<p>_x000D_<\/p>\n","protected":false},"excerpt":{"rendered":"<p>Pier\u015bcionek z czerwonego z\u0142ota o rombowym wzorze. Przy rozmiarze 16,5 pier\u015bcionek wa\u017cy 4,81 grama. Wstawiony diament o \u015brednicy 3,3 mm. _x000D_<\/p>\n","protected":false},"featured_media":48347,"template":"","meta":{"_acf_changed":false},"product_brand":[],"product_cat":[523,524,526],"product_tag":[],"class_list":{"0":"post-47321","1":"product","2":"type-product","3":"status-publish","4":"has-post-thumbnail","6":"product_cat-engagement-rings-pl","7":"product_cat-engagement-rings-with-diamonds-pl","8":"product_cat-red-gold-engagement-rings-pl","10":"first","11":"instock","12":"product-type-simple"},"acf":[],"_links":{"self":[{"href":"https:\/\/zl.jewelry\/pl\/wp-json\/wp\/v2\/product\/47321","targetHints":{"allow":["GET"]}}],"collection":[{"href":"https:\/\/zl.jewelry\/pl\/wp-json\/wp\/v2\/product"}],"about":[{"href":"https:\/\/zl.jewelry\/pl\/wp-json\/wp\/v2\/types\/product"}],"wp:featuredmedia":[{"embeddable":true,"href":"https:\/\/zl.jewelry\/pl\/wp-json\/wp\/v2\/media\/48347"}],"wp:attachment":[{"href":"https:\/\/zl.jewelry\/pl\/wp-json\/wp\/v2\/media?parent=47321"}],"wp:term":[{"taxonomy":"product_brand","embeddable":true,"href":"https:\/\/zl.jewelry\/pl\/wp-json\/wp\/v2\/product_brand?post=47321"},{"taxonomy":"product_cat","embeddable":true,"href":"https:\/\/zl.jewelry\/pl\/wp-json\/wp\/v2\/product_cat?post=47321"},{"taxonomy":"product_tag","embeddable":true,"href":"https:\/\/zl.jewelry\/pl\/wp-json\/wp\/v2\/product_tag?post=47321"}],"curies":[{"name":"wp","href":"https:\/\/api.w.org\/{rel}","templated":true}]}}