{"id":47317,"date":"2025-06-18T10:51:01","date_gmt":"2025-06-18T10:51:01","guid":{"rendered":"https:\/\/zl.jewelry\/product\/engagement-ring-mystery-of-the-ocean\/"},"modified":"2025-09-26T18:22:30","modified_gmt":"2025-09-26T18:22:30","slug":"engagement-ring-mystery-of-the-ocean","status":"publish","type":"product","link":"https:\/\/zl.jewelry\/pl\/product\/engagement-ring-mystery-of-the-ocean\/","title":{"rendered":"Pier\u015bcionek zar\u0119czynowy &#8222;Ocean Mystery&#8221;"},"content":{"rendered":"<p>Pier\u015bcionek w po\u0142\u0105czonym kolorze z\u0142ota, czerwieni i bieli. Podstawa pier\u015bcionka z czerwonego z\u0142ota, rodowany odlew z bia\u0142ego z\u0142ota. Waga z\u0142ota zale\u017cy od rozmiapl bi\u017cuterii. Przy rozmiarze pier\u015bcionka 17,2, waga z\u0142ota wynosi 2,67 grama.&nbsp; Kamie\u0144 owalny o wymiarach 4,2x6mm, po bokach bezbarwne kamienie o \u015brednicy 1,5mm (6szt). Kamienie mog\u0105 by\u0107 osadzone dowolnie, na \u017cyczenie klienta.&nbsp;<\/p>\n<p>_x000D_<\/p>\n","protected":false},"excerpt":{"rendered":"<p>Pier\u015bcionek w po\u0142\u0105czonym kolorze z\u0142ota, czerwieni i bieli. Podstawa pier\u015bcionka z czerwonego z\u0142ota, rodowany odlew z bia\u0142ego z\u0142ota. Waga z\u0142ota zale\u017cy od rozmiapl bi\u017cuterii. Przy rozmiarze pier\u015bcionka 17,2, waga z\u0142ota wynosi 2,67 grama.&nbsp; Kamie\u0144 owalny o wymiarach 4,2x6mm, po bokach bezbarwne kamienie o \u015brednicy 1,5mm (6szt). Kamienie mog\u0105 by\u0107 osadzone dowolnie, na \u017cyczenie klienta.&nbsp; _x000D_<\/p>\n","protected":false},"featured_media":47318,"template":"","meta":{"_acf_changed":false},"product_brand":[],"product_cat":[523,524,526],"product_tag":[],"class_list":{"0":"post-47317","1":"product","2":"type-product","3":"status-publish","4":"has-post-thumbnail","6":"product_cat-engagement-rings-pl","7":"product_cat-engagement-rings-with-diamonds-pl","8":"product_cat-red-gold-engagement-rings-pl","10":"first","11":"instock","12":"product-type-simple"},"acf":[],"_links":{"self":[{"href":"https:\/\/zl.jewelry\/pl\/wp-json\/wp\/v2\/product\/47317","targetHints":{"allow":["GET"]}}],"collection":[{"href":"https:\/\/zl.jewelry\/pl\/wp-json\/wp\/v2\/product"}],"about":[{"href":"https:\/\/zl.jewelry\/pl\/wp-json\/wp\/v2\/types\/product"}],"wp:featuredmedia":[{"embeddable":true,"href":"https:\/\/zl.jewelry\/pl\/wp-json\/wp\/v2\/media\/47318"}],"wp:attachment":[{"href":"https:\/\/zl.jewelry\/pl\/wp-json\/wp\/v2\/media?parent=47317"}],"wp:term":[{"taxonomy":"product_brand","embeddable":true,"href":"https:\/\/zl.jewelry\/pl\/wp-json\/wp\/v2\/product_brand?post=47317"},{"taxonomy":"product_cat","embeddable":true,"href":"https:\/\/zl.jewelry\/pl\/wp-json\/wp\/v2\/product_cat?post=47317"},{"taxonomy":"product_tag","embeddable":true,"href":"https:\/\/zl.jewelry\/pl\/wp-json\/wp\/v2\/product_tag?post=47317"}],"curies":[{"name":"wp","href":"https:\/\/api.w.org\/{rel}","templated":true}]}}