{"id":47315,"date":"2025-06-18T10:51:01","date_gmt":"2025-06-18T10:51:01","guid":{"rendered":"https:\/\/zl.jewelry\/product\/earrings-lady-pearl\/"},"modified":"2025-09-26T18:22:30","modified_gmt":"2025-09-26T18:22:30","slug":"earrings-lady-pearl","status":"publish","type":"product","link":"https:\/\/zl.jewelry\/pl\/product\/earrings-lady-pearl\/","title":{"rendered":"Kolczyki &#8222;Lady Pearl&#8221;"},"content":{"rendered":"<p>Waga 1,61 grama. D\u0142ugo\u015b\u0107 sztyftu od kolczyka do pocz\u0105tku nici wynosi 6 mm. Per\u0142owe wstawki<\/p>\n<p>_x000D_<\/p>\n","protected":false},"excerpt":{"rendered":"<p>Waga 1,61 grama. D\u0142ugo\u015b\u0107 sztyftu od kolczyka do pocz\u0105tku nici wynosi 6 mm. Per\u0142owe wstawki _x000D_<\/p>\n","protected":false},"featured_media":47316,"template":"","meta":{"_acf_changed":false},"product_brand":[],"product_cat":[538,539,545,549,551],"product_tag":[],"class_list":{"0":"post-47315","1":"product","2":"type-product","3":"status-publish","4":"has-post-thumbnail","6":"product_cat-gold-earrings-pl","7":"product_cat-baby-pl","8":"product_cat-earrings-up-to-5g-pl","9":"product_cat-studs-pl","10":"product_cat-with-pearls-2-pl","12":"first","13":"instock","14":"product-type-simple"},"acf":[],"_links":{"self":[{"href":"https:\/\/zl.jewelry\/pl\/wp-json\/wp\/v2\/product\/47315","targetHints":{"allow":["GET"]}}],"collection":[{"href":"https:\/\/zl.jewelry\/pl\/wp-json\/wp\/v2\/product"}],"about":[{"href":"https:\/\/zl.jewelry\/pl\/wp-json\/wp\/v2\/types\/product"}],"wp:featuredmedia":[{"embeddable":true,"href":"https:\/\/zl.jewelry\/pl\/wp-json\/wp\/v2\/media\/47316"}],"wp:attachment":[{"href":"https:\/\/zl.jewelry\/pl\/wp-json\/wp\/v2\/media?parent=47315"}],"wp:term":[{"taxonomy":"product_brand","embeddable":true,"href":"https:\/\/zl.jewelry\/pl\/wp-json\/wp\/v2\/product_brand?post=47315"},{"taxonomy":"product_cat","embeddable":true,"href":"https:\/\/zl.jewelry\/pl\/wp-json\/wp\/v2\/product_cat?post=47315"},{"taxonomy":"product_tag","embeddable":true,"href":"https:\/\/zl.jewelry\/pl\/wp-json\/wp\/v2\/product_tag?post=47315"}],"curies":[{"name":"wp","href":"https:\/\/api.w.org\/{rel}","templated":true}]}}