{"id":47302,"date":"2025-06-18T10:51:01","date_gmt":"2025-06-18T10:51:01","guid":{"rendered":"https:\/\/zl.jewelry\/product\/wedding-rings-hidden-messages\/"},"modified":"2025-09-26T18:22:29","modified_gmt":"2025-09-26T18:22:29","slug":"wedding-rings-hidden-messages","status":"publish","type":"product","link":"https:\/\/zl.jewelry\/pl\/product\/wedding-rings-hidden-messages\/","title":{"rendered":"Obr\u0105czki \u015blubne &#8222;Ukryte wiadomo\u015bci&#8221;"},"content":{"rendered":"<p>Oryginalne pier\u015bcionki zar\u0119czynowe w kolorze czerwonego z\u0142ota z plchomym mechanizmem. M\u0119ski pier\u015bcionek jest wysadzany bezbarwnymi i czarnymi kamieniami o \u015brednicy 1,5 mm i 2,5 mm. Pier\u015bcionek damski ma bezbarwne kamienie o \u015brednicy 1,5 mm i 2,5 mm. Szeroko\u015b\u0107 tych modeli pier\u015bcionk&oacute;w wynosi 10 mm. Waga jest skorelowana z rozmiarem. Wz&oacute;r mo\u017cna zmieni\u0107 zgodnie z \u017cyczeniem klienta.<\/p>\n<p>_x000D_<\/p>\n","protected":false},"excerpt":{"rendered":"<p>Oryginalne pier\u015bcionki zar\u0119czynowe w kolorze czerwonego z\u0142ota z plchomym mechanizmem. M\u0119ski pier\u015bcionek jest wysadzany bezbarwnymi i czarnymi kamieniami o \u015brednicy 1,5 mm i 2,5 mm. Pier\u015bcionek damski ma bezbarwne kamienie o \u015brednicy 1,5 mm i 2,5 mm. Szeroko\u015b\u0107 tych modeli pier\u015bcionk&oacute;w wynosi 10 mm. Waga jest skorelowana z rozmiarem. Wz&oacute;r mo\u017cna zmieni\u0107 zgodnie z \u017cyczeniem&#8230;<\/p>\n","protected":false},"featured_media":47310,"template":"","meta":{"_acf_changed":false},"product_brand":[],"product_cat":[528,533,530,537,535,531],"product_tag":[],"class_list":{"0":"post-47302","1":"product","2":"type-product","3":"status-publish","4":"has-post-thumbnail","6":"product_cat-wedding-rings-pl","7":"product_cat-red-gold-wedding-rings-pl","8":"product_cat-combined-wedding-rings-pl","9":"product_cat-with-rocks-4-pl","10":"product_cat-wedding-rings-with-diamonds-pl","11":"product_cat-elite-wedding-rings-pl","13":"first","14":"instock","15":"product-type-simple"},"acf":[],"_links":{"self":[{"href":"https:\/\/zl.jewelry\/pl\/wp-json\/wp\/v2\/product\/47302","targetHints":{"allow":["GET"]}}],"collection":[{"href":"https:\/\/zl.jewelry\/pl\/wp-json\/wp\/v2\/product"}],"about":[{"href":"https:\/\/zl.jewelry\/pl\/wp-json\/wp\/v2\/types\/product"}],"wp:featuredmedia":[{"embeddable":true,"href":"https:\/\/zl.jewelry\/pl\/wp-json\/wp\/v2\/media\/47310"}],"wp:attachment":[{"href":"https:\/\/zl.jewelry\/pl\/wp-json\/wp\/v2\/media?parent=47302"}],"wp:term":[{"taxonomy":"product_brand","embeddable":true,"href":"https:\/\/zl.jewelry\/pl\/wp-json\/wp\/v2\/product_brand?post=47302"},{"taxonomy":"product_cat","embeddable":true,"href":"https:\/\/zl.jewelry\/pl\/wp-json\/wp\/v2\/product_cat?post=47302"},{"taxonomy":"product_tag","embeddable":true,"href":"https:\/\/zl.jewelry\/pl\/wp-json\/wp\/v2\/product_tag?post=47302"}],"curies":[{"name":"wp","href":"https:\/\/api.w.org\/{rel}","templated":true}]}}