{"id":47296,"date":"2025-06-18T10:51:07","date_gmt":"2025-06-18T10:51:07","guid":{"rendered":"https:\/\/zl.jewelry\/product\/ring-case-star-tale\/"},"modified":"2025-09-26T18:22:38","modified_gmt":"2025-09-26T18:22:38","slug":"ring-case-star-tale","status":"publish","type":"product","link":"https:\/\/zl.jewelry\/pl\/product\/ring-case-star-tale\/","title":{"rendered":"Pier\u015bcionek &#8222;Gwiezdna bajka&#8221;"},"content":{"rendered":"<p>Pier\u015bcionek transformatorowy z po\u0142\u0105czenia czerwonego i bia\u0142ego z\u0142ota. Pier\u015bcionek z wk\u0142adk\u0105 z bia\u0142ego z\u0142ota, rodowany. Waga mo\u017ce si\u0119 r&oacute;\u017cni\u0107 w zale\u017cno\u015bci od rozmiapl. Kasta w kszta\u0142cie gwiazdy, wstawiony diament o \u015brednicy 3 mm. Rozmiar pier\u015bcionka 17,5. Pier\u015bcionek z czerwonego z\u0142ota, kamienie Swarovski o \u015brednicy 1,25 mm (24 szt.).<\/p>\n<p>_x000D_<\/p>\n","protected":false},"excerpt":{"rendered":"<p>Pier\u015bcionek transformatorowy z po\u0142\u0105czenia czerwonego i bia\u0142ego z\u0142ota. Pier\u015bcionek z wk\u0142adk\u0105 z bia\u0142ego z\u0142ota, rodowany. Waga mo\u017ce si\u0119 r&oacute;\u017cni\u0107 w zale\u017cno\u015bci od rozmiapl. Kasta w kszta\u0142cie gwiazdy, wstawiony diament o \u015brednicy 3 mm. Rozmiar pier\u015bcionka 17,5. Pier\u015bcionek z czerwonego z\u0142ota, kamienie Swarovski o \u015brednicy 1,25 mm (24 szt.). _x000D_<\/p>\n","protected":false},"featured_media":49335,"template":"","meta":{"_acf_changed":false},"product_brand":[],"product_cat":[514,519,522],"product_tag":[],"class_list":{"0":"post-47296","1":"product","2":"type-product","3":"status-publish","4":"has-post-thumbnail","6":"product_cat-golden-rings-pl","7":"product_cat-rings-with-diamonds-pl","8":"product_cat-with-rocks-pl","10":"first","11":"instock","12":"product-type-simple"},"acf":[],"_links":{"self":[{"href":"https:\/\/zl.jewelry\/pl\/wp-json\/wp\/v2\/product\/47296","targetHints":{"allow":["GET"]}}],"collection":[{"href":"https:\/\/zl.jewelry\/pl\/wp-json\/wp\/v2\/product"}],"about":[{"href":"https:\/\/zl.jewelry\/pl\/wp-json\/wp\/v2\/types\/product"}],"wp:featuredmedia":[{"embeddable":true,"href":"https:\/\/zl.jewelry\/pl\/wp-json\/wp\/v2\/media\/49335"}],"wp:attachment":[{"href":"https:\/\/zl.jewelry\/pl\/wp-json\/wp\/v2\/media?parent=47296"}],"wp:term":[{"taxonomy":"product_brand","embeddable":true,"href":"https:\/\/zl.jewelry\/pl\/wp-json\/wp\/v2\/product_brand?post=47296"},{"taxonomy":"product_cat","embeddable":true,"href":"https:\/\/zl.jewelry\/pl\/wp-json\/wp\/v2\/product_cat?post=47296"},{"taxonomy":"product_tag","embeddable":true,"href":"https:\/\/zl.jewelry\/pl\/wp-json\/wp\/v2\/product_tag?post=47296"}],"curies":[{"name":"wp","href":"https:\/\/api.w.org\/{rel}","templated":true}]}}