{"id":47294,"date":"2025-06-18T10:51:07","date_gmt":"2025-06-18T10:51:07","guid":{"rendered":"https:\/\/zl.jewelry\/product\/engagement-ring-star-tale\/"},"modified":"2025-09-26T18:22:37","modified_gmt":"2025-09-26T18:22:37","slug":"engagement-ring-star-tale","status":"publish","type":"product","link":"https:\/\/zl.jewelry\/pl\/product\/engagement-ring-star-tale\/","title":{"rendered":"Pier\u015bcionek zar\u0119czynowy &#8222;Star tale&#8221;"},"content":{"rendered":"<p>Rodowany pier\u015bcionek z bia\u0142ego z\u0142ota. Waga z\u0142ota w pier\u015bcionku wynosi 3,50 grama, waga mo\u017ce si\u0119 r&oacute;\u017cni\u0107 w zale\u017cno\u015bci od rozmiaru. Odlew w kszta\u0142cie gwiazdy, diamentowana wstawka 3 mm. Rozmiar pier\u015bcionka 17,5.&nbsp;<\/p>\n<p>_x000D_<\/p>\n","protected":false},"excerpt":{"rendered":"<p>Rodowany pier\u015bcionek z bia\u0142ego z\u0142ota. Waga z\u0142ota w pier\u015bcionku wynosi 3,50 grama, waga mo\u017ce si\u0119 r&oacute;\u017cni\u0107 w zale\u017cno\u015bci od rozmiaru. Odlew w kszta\u0142cie gwiazdy, diamentowana wstawka 3 mm. Rozmiar pier\u015bcionka 17,5.&nbsp; _x000D_<\/p>\n","protected":false},"featured_media":47295,"template":"","meta":{"_acf_changed":false},"product_brand":[],"product_cat":[524,523,527],"product_tag":[],"class_list":{"0":"post-47294","1":"product","2":"type-product","3":"status-publish","4":"has-post-thumbnail","6":"product_cat-engagement-rings-with-diamonds-pl","7":"product_cat-engagement-rings-pl","8":"product_cat-white-gold-engagement-rings-pl","10":"first","11":"instock","12":"product-type-simple"},"acf":[],"_links":{"self":[{"href":"https:\/\/zl.jewelry\/pl\/wp-json\/wp\/v2\/product\/47294","targetHints":{"allow":["GET"]}}],"collection":[{"href":"https:\/\/zl.jewelry\/pl\/wp-json\/wp\/v2\/product"}],"about":[{"href":"https:\/\/zl.jewelry\/pl\/wp-json\/wp\/v2\/types\/product"}],"wp:featuredmedia":[{"embeddable":true,"href":"https:\/\/zl.jewelry\/pl\/wp-json\/wp\/v2\/media\/47295"}],"wp:attachment":[{"href":"https:\/\/zl.jewelry\/pl\/wp-json\/wp\/v2\/media?parent=47294"}],"wp:term":[{"taxonomy":"product_brand","embeddable":true,"href":"https:\/\/zl.jewelry\/pl\/wp-json\/wp\/v2\/product_brand?post=47294"},{"taxonomy":"product_cat","embeddable":true,"href":"https:\/\/zl.jewelry\/pl\/wp-json\/wp\/v2\/product_cat?post=47294"},{"taxonomy":"product_tag","embeddable":true,"href":"https:\/\/zl.jewelry\/pl\/wp-json\/wp\/v2\/product_tag?post=47294"}],"curies":[{"name":"wp","href":"https:\/\/api.w.org\/{rel}","templated":true}]}}