{"id":47292,"date":"2025-06-18T10:51:07","date_gmt":"2025-06-18T10:51:07","guid":{"rendered":"https:\/\/zl.jewelry\/product\/engagement-ring-emerald-classic\/"},"modified":"2025-09-26T18:22:37","modified_gmt":"2025-09-26T18:22:37","slug":"engagement-ring-emerald-classic","status":"publish","type":"product","link":"https:\/\/zl.jewelry\/pl\/product\/engagement-ring-emerald-classic\/","title":{"rendered":"Pier\u015bcionek zar\u0119czynowy &#8222;Szmaragdowa klasyka&#8221;"},"content":{"rendered":"<p>Pier\u015bcionek ze szmaragdem w bia\u0142ym z\u0142ocie, szmaragdy 5 * 7 + diamenty 1,3 mm, waga z\u0142otego pier\u015bcionka 4,72 grama, rozmiar pier\u015bcionka 17,5.&nbsp;<br \/>_x000D_<br \/>\n&nbsp;<\/p>\n<p>_x000D_<\/p>\n","protected":false},"excerpt":{"rendered":"<p>Pier\u015bcionek ze szmaragdem w bia\u0142ym z\u0142ocie, szmaragdy 5 * 7 + diamenty 1,3 mm, waga z\u0142otego pier\u015bcionka 4,72 grama, rozmiar pier\u015bcionka 17,5.&nbsp;_x000D_ &nbsp; _x000D_<\/p>\n","protected":false},"featured_media":47293,"template":"","meta":{"_acf_changed":false},"product_brand":[],"product_cat":[514,519,520,522],"product_tag":[],"class_list":{"0":"post-47292","1":"product","2":"type-product","3":"status-publish","4":"has-post-thumbnail","6":"product_cat-golden-rings-pl","7":"product_cat-rings-with-diamonds-pl","8":"product_cat-white-gold-rings-pl","9":"product_cat-with-rocks-pl","11":"first","12":"instock","13":"product-type-simple"},"acf":[],"_links":{"self":[{"href":"https:\/\/zl.jewelry\/pl\/wp-json\/wp\/v2\/product\/47292","targetHints":{"allow":["GET"]}}],"collection":[{"href":"https:\/\/zl.jewelry\/pl\/wp-json\/wp\/v2\/product"}],"about":[{"href":"https:\/\/zl.jewelry\/pl\/wp-json\/wp\/v2\/types\/product"}],"wp:featuredmedia":[{"embeddable":true,"href":"https:\/\/zl.jewelry\/pl\/wp-json\/wp\/v2\/media\/47293"}],"wp:attachment":[{"href":"https:\/\/zl.jewelry\/pl\/wp-json\/wp\/v2\/media?parent=47292"}],"wp:term":[{"taxonomy":"product_brand","embeddable":true,"href":"https:\/\/zl.jewelry\/pl\/wp-json\/wp\/v2\/product_brand?post=47292"},{"taxonomy":"product_cat","embeddable":true,"href":"https:\/\/zl.jewelry\/pl\/wp-json\/wp\/v2\/product_cat?post=47292"},{"taxonomy":"product_tag","embeddable":true,"href":"https:\/\/zl.jewelry\/pl\/wp-json\/wp\/v2\/product_tag?post=47292"}],"curies":[{"name":"wp","href":"https:\/\/api.w.org\/{rel}","templated":true}]}}