{"id":47288,"date":"2025-06-18T10:51:07","date_gmt":"2025-06-18T10:51:07","guid":{"rendered":"https:\/\/zl.jewelry\/product\/cross-magic-patterns\/"},"modified":"2025-09-26T18:22:37","modified_gmt":"2025-09-26T18:22:37","slug":"cross-magic-patterns","status":"publish","type":"product","link":"https:\/\/zl.jewelry\/pl\/product\/cross-magic-patterns\/","title":{"rendered":"Krzy\u017c \u201eMagiczne wzory\u201d"},"content":{"rendered":"<p>Podstawa krzy\u017ca z cytrynu, kplcyfiks i wk\u0142adka z ty\u0142u z bia\u0142ego z\u0142ota, rodowane, pr\u00f3ba 585*. Wysoko\u015b\u0107 krzy\u017ca wynosi 45 mm z uszkiem, waga z\u0142ota w krzy\u017cu wynosi 8,41 grama. Wstawki 4 plbiny, \u015brednica plbin\u00f3w 2mm. Z ty\u0142u wstawki grawer &quot;Save and Preserve&quot;. Na uchu wstawiony diament o \u015brednicy 1,4mm.&nbsp;<\/p>\n","protected":false},"excerpt":{"rendered":"<p>Podstawa krzy\u017ca z cytrynu, kplcyfiks i wk\u0142adka z ty\u0142u z bia\u0142ego z\u0142ota, rodowane, pr\u00f3ba 585*. Wysoko\u015b\u0107 krzy\u017ca wynosi 45 mm z uszkiem, waga z\u0142ota w krzy\u017cu wynosi 8,41 grama. Wstawki 4 plbiny, \u015brednica plbin\u00f3w 2mm. Z ty\u0142u wstawki grawer &quot;Save and Preserve&quot;. Na uchu wstawiony diament o \u015brednicy 1,4mm.&nbsp;<\/p>\n","protected":false},"featured_media":47289,"template":"","meta":{"_acf_changed":false},"product_brand":[],"product_cat":[504,506,513],"product_tag":[],"class_list":{"0":"post-47288","1":"product","2":"type-product","3":"status-publish","4":"has-post-thumbnail","6":"product_cat-golden-crosses-pl","7":"product_cat-crosses-with-stones-pl","8":"product_cat-womens-crosses-pl","10":"first","11":"instock","12":"product-type-simple"},"acf":[],"_links":{"self":[{"href":"https:\/\/zl.jewelry\/pl\/wp-json\/wp\/v2\/product\/47288","targetHints":{"allow":["GET"]}}],"collection":[{"href":"https:\/\/zl.jewelry\/pl\/wp-json\/wp\/v2\/product"}],"about":[{"href":"https:\/\/zl.jewelry\/pl\/wp-json\/wp\/v2\/types\/product"}],"wp:featuredmedia":[{"embeddable":true,"href":"https:\/\/zl.jewelry\/pl\/wp-json\/wp\/v2\/media\/47289"}],"wp:attachment":[{"href":"https:\/\/zl.jewelry\/pl\/wp-json\/wp\/v2\/media?parent=47288"}],"wp:term":[{"taxonomy":"product_brand","embeddable":true,"href":"https:\/\/zl.jewelry\/pl\/wp-json\/wp\/v2\/product_brand?post=47288"},{"taxonomy":"product_cat","embeddable":true,"href":"https:\/\/zl.jewelry\/pl\/wp-json\/wp\/v2\/product_cat?post=47288"},{"taxonomy":"product_tag","embeddable":true,"href":"https:\/\/zl.jewelry\/pl\/wp-json\/wp\/v2\/product_tag?post=47288"}],"curies":[{"name":"wp","href":"https:\/\/api.w.org\/{rel}","templated":true}]}}