{"id":47286,"date":"2025-06-18T10:51:07","date_gmt":"2025-06-18T10:51:07","guid":{"rendered":"https:\/\/zl.jewelry\/product\/earrings-blind-side\/"},"modified":"2025-09-26T18:22:37","modified_gmt":"2025-09-26T18:22:37","slug":"earrings-blind-side","status":"publish","type":"product","link":"https:\/\/zl.jewelry\/pl\/product\/earrings-blind-side\/","title":{"rendered":"Kolczyki &#8222;Invisible Side&#8221;"},"content":{"rendered":"<p>Kolczyki o \u015brednicy 2cm, z czerwonego z\u0142ota pr&oacute;by 585*, waga z\u0142ota w kolczykach 4,51 grama, r&oacute;wnie\u017c kamienie z jednej strony czarne, z drugiej bezbarwne..<\/p>\n<p>_x000D_<\/p>\n","protected":false},"excerpt":{"rendered":"<p>Kolczyki o \u015brednicy 2cm, z czerwonego z\u0142ota pr&oacute;by 585*, waga z\u0142ota w kolczykach 4,51 grama, r&oacute;wnie\u017c kamienie z jednej strony czarne, z drugiej bezbarwne.. _x000D_<\/p>\n","protected":false},"featured_media":47287,"template":"","meta":{"_acf_changed":false},"product_brand":[],"product_cat":[538,540,545,546,548,550],"product_tag":[],"class_list":{"0":"post-47286","1":"product","2":"type-product","3":"status-publish","4":"has-post-thumbnail","6":"product_cat-gold-earrings-pl","7":"product_cat-congo-earrings-pl","8":"product_cat-earrings-up-to-5g-pl","9":"product_cat-earrings-with-diamonds-pl","10":"product_cat-earrings-with-stones-pl","11":"product_cat-with-cubic-zirkonia-pl","13":"first","14":"instock","15":"product-type-simple"},"acf":[],"_links":{"self":[{"href":"https:\/\/zl.jewelry\/pl\/wp-json\/wp\/v2\/product\/47286","targetHints":{"allow":["GET"]}}],"collection":[{"href":"https:\/\/zl.jewelry\/pl\/wp-json\/wp\/v2\/product"}],"about":[{"href":"https:\/\/zl.jewelry\/pl\/wp-json\/wp\/v2\/types\/product"}],"wp:featuredmedia":[{"embeddable":true,"href":"https:\/\/zl.jewelry\/pl\/wp-json\/wp\/v2\/media\/47287"}],"wp:attachment":[{"href":"https:\/\/zl.jewelry\/pl\/wp-json\/wp\/v2\/media?parent=47286"}],"wp:term":[{"taxonomy":"product_brand","embeddable":true,"href":"https:\/\/zl.jewelry\/pl\/wp-json\/wp\/v2\/product_brand?post=47286"},{"taxonomy":"product_cat","embeddable":true,"href":"https:\/\/zl.jewelry\/pl\/wp-json\/wp\/v2\/product_cat?post=47286"},{"taxonomy":"product_tag","embeddable":true,"href":"https:\/\/zl.jewelry\/pl\/wp-json\/wp\/v2\/product_tag?post=47286"}],"curies":[{"name":"wp","href":"https:\/\/api.w.org\/{rel}","templated":true}]}}