{"id":47284,"date":"2025-06-18T10:51:07","date_gmt":"2025-06-18T10:51:07","guid":{"rendered":"https:\/\/zl.jewelry\/product\/studs-geometry-with-sapphires\/"},"modified":"2025-09-26T18:22:37","modified_gmt":"2025-09-26T18:22:37","slug":"studs-geometry-with-sapphires","status":"publish","type":"product","link":"https:\/\/zl.jewelry\/pl\/product\/studs-geometry-with-sapphires\/","title":{"rendered":"Puzety \u201eGeometria\u201d z szafirami"},"content":{"rendered":"<p>Kolczyki Pousset z czerwonego z\u0142ota. Kolczyki maj\u0105 oko\u0142o 7,0&#215;7,0 mm. W centplm znajduje si\u0119 szafir o wymiarach 4,5&#215;4,5 mm. W okr\u0119gu znajduj\u0105 si\u0119 diamenty o \u015brednicy 1 mm. Waga gotowego produktu wynosi 2,64 grama.<\/p>\n","protected":false},"excerpt":{"rendered":"<p>Kolczyki Pousset z czerwonego z\u0142ota. Kolczyki maj\u0105 oko\u0142o 7,0&#215;7,0 mm. W centplm znajduje si\u0119 szafir o wymiarach 4,5&#215;4,5 mm. W okr\u0119gu znajduj\u0105 si\u0119 diamenty o \u015brednicy 1 mm. Waga gotowego produktu wynosi 2,64 grama.<\/p>\n","protected":false},"featured_media":47285,"template":"","meta":{"_acf_changed":false},"product_brand":[],"product_cat":[538,545,546,548,549,550],"product_tag":[],"class_list":{"0":"post-47284","1":"product","2":"type-product","3":"status-publish","4":"has-post-thumbnail","6":"product_cat-gold-earrings-pl","7":"product_cat-earrings-up-to-5g-pl","8":"product_cat-earrings-with-diamonds-pl","9":"product_cat-earrings-with-stones-pl","10":"product_cat-studs-pl","11":"product_cat-with-cubic-zirkonia-pl","13":"first","14":"instock","15":"product-type-simple"},"acf":[],"_links":{"self":[{"href":"https:\/\/zl.jewelry\/pl\/wp-json\/wp\/v2\/product\/47284","targetHints":{"allow":["GET"]}}],"collection":[{"href":"https:\/\/zl.jewelry\/pl\/wp-json\/wp\/v2\/product"}],"about":[{"href":"https:\/\/zl.jewelry\/pl\/wp-json\/wp\/v2\/types\/product"}],"wp:featuredmedia":[{"embeddable":true,"href":"https:\/\/zl.jewelry\/pl\/wp-json\/wp\/v2\/media\/47285"}],"wp:attachment":[{"href":"https:\/\/zl.jewelry\/pl\/wp-json\/wp\/v2\/media?parent=47284"}],"wp:term":[{"taxonomy":"product_brand","embeddable":true,"href":"https:\/\/zl.jewelry\/pl\/wp-json\/wp\/v2\/product_brand?post=47284"},{"taxonomy":"product_cat","embeddable":true,"href":"https:\/\/zl.jewelry\/pl\/wp-json\/wp\/v2\/product_cat?post=47284"},{"taxonomy":"product_tag","embeddable":true,"href":"https:\/\/zl.jewelry\/pl\/wp-json\/wp\/v2\/product_tag?post=47284"}],"curies":[{"name":"wp","href":"https:\/\/api.w.org\/{rel}","templated":true}]}}