{"id":47264,"date":"2025-06-18T10:51:07","date_gmt":"2025-06-18T10:51:07","guid":{"rendered":"https:\/\/zl.jewelry\/product\/studs-emerald-rose\/"},"modified":"2025-09-26T18:22:35","modified_gmt":"2025-09-26T18:22:35","slug":"studs-emerald-rose","status":"publish","type":"product","link":"https:\/\/zl.jewelry\/pl\/product\/studs-emerald-rose\/","title":{"rendered":"Poussettes &#8222;Szmaragdowa R\u00f3\u017ca&#8221;"},"content":{"rendered":"<p>Kolczyki &#8211; wkr\u0119tki, z czerwonego z\u0142ota. Waga z\u0142ota 2,15 grama. Wstawki ze szmaragdami o \u015brednicy 3,9mm, wysoko\u015b\u0107 kamienia 3mm.<\/p>\n","protected":false},"excerpt":{"rendered":"<p>Kolczyki &#8211; wkr\u0119tki, z czerwonego z\u0142ota. Waga z\u0142ota 2,15 grama. Wstawki ze szmaragdami o \u015brednicy 3,9mm, wysoko\u015b\u0107 kamienia 3mm.<\/p>\n","protected":false},"featured_media":47265,"template":"","meta":{"_acf_changed":false},"product_brand":[],"product_cat":[538,539,545,548,549,550],"product_tag":[],"class_list":{"0":"post-47264","1":"product","2":"type-product","3":"status-publish","4":"has-post-thumbnail","6":"product_cat-gold-earrings-pl","7":"product_cat-baby-pl","8":"product_cat-earrings-up-to-5g-pl","9":"product_cat-earrings-with-stones-pl","10":"product_cat-studs-pl","11":"product_cat-with-cubic-zirkonia-pl","13":"first","14":"instock","15":"product-type-simple"},"acf":[],"_links":{"self":[{"href":"https:\/\/zl.jewelry\/pl\/wp-json\/wp\/v2\/product\/47264","targetHints":{"allow":["GET"]}}],"collection":[{"href":"https:\/\/zl.jewelry\/pl\/wp-json\/wp\/v2\/product"}],"about":[{"href":"https:\/\/zl.jewelry\/pl\/wp-json\/wp\/v2\/types\/product"}],"wp:featuredmedia":[{"embeddable":true,"href":"https:\/\/zl.jewelry\/pl\/wp-json\/wp\/v2\/media\/47265"}],"wp:attachment":[{"href":"https:\/\/zl.jewelry\/pl\/wp-json\/wp\/v2\/media?parent=47264"}],"wp:term":[{"taxonomy":"product_brand","embeddable":true,"href":"https:\/\/zl.jewelry\/pl\/wp-json\/wp\/v2\/product_brand?post=47264"},{"taxonomy":"product_cat","embeddable":true,"href":"https:\/\/zl.jewelry\/pl\/wp-json\/wp\/v2\/product_cat?post=47264"},{"taxonomy":"product_tag","embeddable":true,"href":"https:\/\/zl.jewelry\/pl\/wp-json\/wp\/v2\/product_tag?post=47264"}],"curies":[{"name":"wp","href":"https:\/\/api.w.org\/{rel}","templated":true}]}}