{"id":47260,"date":"2025-06-18T10:51:13","date_gmt":"2025-06-18T10:51:13","guid":{"rendered":"https:\/\/zl.jewelry\/product\/bracelet-amulet\/"},"modified":"2025-09-26T18:22:43","modified_gmt":"2025-09-26T18:22:43","slug":"bracelet-amulet","status":"publish","type":"product","link":"https:\/\/zl.jewelry\/pl\/product\/bracelet-amulet\/","title":{"rendered":"Bransoletka &#8222;Obereg&#8221;"},"content":{"rendered":"<p>Bransoletka na sznurku ze wstawkami z bia\u0142ego z\u0142ota. Waga bi\u017cuterii zale\u017cy od \u015brednicy linek i ilo\u015bci wstawek. Rozmiar bransoletki to 23,5 cm, \u015brednica linek to 6 mm, waga z\u0142ota w bransoletce to 28 gram\u00f3w. Na centralnej wk\u0142adce znajduje si\u0119 wizeplnek Romana Zbawiciela, po bokach wizeplnki Miko\u0142aja Cudotw\u00f3rcy i Micha\u0142a Archanio\u0142a. Zamek to pude\u0142ko z dwoma zamkami, na przedniej stronie wymodelowany jest wizeplnek siedmiostopniowej ikony Matki Bo\u017cej, na tylnej stronie wygrawerowane jest &quot;Save and Preserve&quot;. Wk\u0142adki s\u0105 pokryte niello i rodowane.&nbsp;<\/p>\n","protected":false},"excerpt":{"rendered":"<p>Bransoletka na sznurku ze wstawkami z bia\u0142ego z\u0142ota. Waga bi\u017cuterii zale\u017cy od \u015brednicy linek i ilo\u015bci wstawek. Rozmiar bransoletki to 23,5 cm, \u015brednica linek to 6 mm, waga z\u0142ota w bransoletce to 28 gram\u00f3w. Na centralnej wk\u0142adce znajduje si\u0119 wizeplnek Romana Zbawiciela, po bokach wizeplnki Miko\u0142aja Cudotw\u00f3rcy i Micha\u0142a Archanio\u0142a. Zamek to pude\u0142ko z dwoma&#8230;<\/p>\n","protected":false},"featured_media":47261,"template":"","meta":{"_acf_changed":false},"product_brand":[],"product_cat":[557,560,562],"product_tag":[],"class_list":{"0":"post-47260","1":"product","2":"type-product","3":"status-publish","4":"has-post-thumbnail","6":"product_cat-bracelets-pl","7":"product_cat-gold-bracelets-up-to-30-gr-pl","8":"product_cat-silk-bracelets-with-gold-inserts-pl","10":"first","11":"instock","12":"product-type-simple"},"acf":[],"_links":{"self":[{"href":"https:\/\/zl.jewelry\/pl\/wp-json\/wp\/v2\/product\/47260","targetHints":{"allow":["GET"]}}],"collection":[{"href":"https:\/\/zl.jewelry\/pl\/wp-json\/wp\/v2\/product"}],"about":[{"href":"https:\/\/zl.jewelry\/pl\/wp-json\/wp\/v2\/types\/product"}],"wp:featuredmedia":[{"embeddable":true,"href":"https:\/\/zl.jewelry\/pl\/wp-json\/wp\/v2\/media\/47261"}],"wp:attachment":[{"href":"https:\/\/zl.jewelry\/pl\/wp-json\/wp\/v2\/media?parent=47260"}],"wp:term":[{"taxonomy":"product_brand","embeddable":true,"href":"https:\/\/zl.jewelry\/pl\/wp-json\/wp\/v2\/product_brand?post=47260"},{"taxonomy":"product_cat","embeddable":true,"href":"https:\/\/zl.jewelry\/pl\/wp-json\/wp\/v2\/product_cat?post=47260"},{"taxonomy":"product_tag","embeddable":true,"href":"https:\/\/zl.jewelry\/pl\/wp-json\/wp\/v2\/product_tag?post=47260"}],"curies":[{"name":"wp","href":"https:\/\/api.w.org\/{rel}","templated":true}]}}