{"id":47250,"date":"2025-06-18T10:51:13","date_gmt":"2025-06-18T10:51:13","guid":{"rendered":"https:\/\/zl.jewelry\/product\/cross-black-prince\/"},"modified":"2025-09-26T18:22:42","modified_gmt":"2025-09-26T18:22:42","slug":"cross-black-prince","status":"publish","type":"product","link":"https:\/\/zl.jewelry\/pl\/product\/cross-black-prince\/","title":{"rendered":"Krzy\u017c &#8222;Czarnego Ksi\u0119cia&#8221;"},"content":{"rendered":"<p>Krzy\u017c z czerwonego z\u0142ota, nak\u0142adki z bia\u0142ego z\u0142ota pr&oacute;by 585*. Nak\u0142adki z bia\u0142ego z\u0142ota zarodkowane. Waga krzy\u017ca 39,18, kamienie czarne diamenty, \u015brednica 3,5mm &#8211; 4szt. Wysoko\u015b\u0107 krzy\u017ca bez wyst\u0119pu 50 mm.&nbsp;<\/p>\n<p>_x000D_<br \/>\n_x000D_<\/p>\n<p>&nbsp;<\/p>\n<p>_x000D_<\/p>\n","protected":false},"excerpt":{"rendered":"<p>Krzy\u017c z czerwonego z\u0142ota, nak\u0142adki z bia\u0142ego z\u0142ota pr&oacute;by 585*. Nak\u0142adki z bia\u0142ego z\u0142ota zarodkowane. Waga krzy\u017ca 39,18, kamienie czarne diamenty, \u015brednica 3,5mm &#8211; 4szt. Wysoko\u015b\u0107 krzy\u017ca bez wyst\u0119pu 50 mm.&nbsp; _x000D_ _x000D_ &nbsp; _x000D_<\/p>\n","protected":false},"featured_media":36039,"template":"","meta":{"_acf_changed":false},"product_brand":[],"product_cat":[504,506,507,510],"product_tag":[],"class_list":{"0":"post-47250","1":"product","2":"type-product","3":"status-publish","4":"has-post-thumbnail","6":"product_cat-golden-crosses-pl","7":"product_cat-crosses-with-stones-pl","8":"product_cat-exclusive-golden-handmade-crosses-pl","9":"product_cat-mens-crosses-pl","11":"first","12":"instock","13":"product-type-simple"},"acf":[],"_links":{"self":[{"href":"https:\/\/zl.jewelry\/pl\/wp-json\/wp\/v2\/product\/47250","targetHints":{"allow":["GET"]}}],"collection":[{"href":"https:\/\/zl.jewelry\/pl\/wp-json\/wp\/v2\/product"}],"about":[{"href":"https:\/\/zl.jewelry\/pl\/wp-json\/wp\/v2\/types\/product"}],"wp:featuredmedia":[{"embeddable":true,"href":"https:\/\/zl.jewelry\/pl\/wp-json\/wp\/v2\/media\/36039"}],"wp:attachment":[{"href":"https:\/\/zl.jewelry\/pl\/wp-json\/wp\/v2\/media?parent=47250"}],"wp:term":[{"taxonomy":"product_brand","embeddable":true,"href":"https:\/\/zl.jewelry\/pl\/wp-json\/wp\/v2\/product_brand?post=47250"},{"taxonomy":"product_cat","embeddable":true,"href":"https:\/\/zl.jewelry\/pl\/wp-json\/wp\/v2\/product_cat?post=47250"},{"taxonomy":"product_tag","embeddable":true,"href":"https:\/\/zl.jewelry\/pl\/wp-json\/wp\/v2\/product_tag?post=47250"}],"curies":[{"name":"wp","href":"https:\/\/api.w.org\/{rel}","templated":true}]}}