{"id":47240,"date":"2025-06-18T10:51:13","date_gmt":"2025-06-18T10:51:13","guid":{"rendered":"https:\/\/zl.jewelry\/product\/bracelet-logo-g\/"},"modified":"2025-09-26T18:22:41","modified_gmt":"2025-09-26T18:22:41","slug":"bracelet-logo-g","status":"publish","type":"product","link":"https:\/\/zl.jewelry\/pl\/product\/bracelet-logo-g\/","title":{"rendered":"Bransoletka z logo &#8222;G&#8221;"},"content":{"rendered":"<p>Bransoletka na sznurku ze z\u0142otymi wstawkami. Sznur ma \u015brednic\u0119 6 mm. Na lince znajduj\u0105 si\u0119 z\u0142ote wstawki w kolorze czerwonego z\u0142ota oraz pr\u0119ciki w kolorze bia\u0142ego z\u0142ota, rodowane. Z przodu wstawka z logo, wok\u00f3\u0142 logo przyciemnienie, po wewn\u0119trznej stronie wstawki znak zodiaku klienta. Pude\u0142ko&nbsp;&nbsp;&nbsp;z jednym zamkiem. Mierz\u0105ca 21 cm, z\u0142ota bransoletka wa\u017cy 56,12 gram\u00f3w..<\/p>\n","protected":false},"excerpt":{"rendered":"<p>Bransoletka na sznurku ze z\u0142otymi wstawkami. Sznur ma \u015brednic\u0119 6 mm. Na lince znajduj\u0105 si\u0119 z\u0142ote wstawki w kolorze czerwonego z\u0142ota oraz pr\u0119ciki w kolorze bia\u0142ego z\u0142ota, rodowane. Z przodu wstawka z logo, wok\u00f3\u0142 logo przyciemnienie, po wewn\u0119trznej stronie wstawki znak zodiaku klienta. Pude\u0142ko&nbsp;&nbsp;&nbsp;z jednym zamkiem. Mierz\u0105ca 21 cm, z\u0142ota bransoletka wa\u017cy 56,12 gram\u00f3w..<\/p>\n","protected":false},"featured_media":47241,"template":"","meta":{"_acf_changed":false},"product_brand":[],"product_cat":[557,559,562],"product_tag":[],"class_list":{"0":"post-47240","1":"product","2":"type-product","3":"status-publish","4":"has-post-thumbnail","6":"product_cat-bracelets-pl","7":"product_cat-gold-bracelets-from-30-gr-pl","8":"product_cat-silk-bracelets-with-gold-inserts-pl","10":"first","11":"instock","12":"product-type-simple"},"acf":[],"_links":{"self":[{"href":"https:\/\/zl.jewelry\/pl\/wp-json\/wp\/v2\/product\/47240","targetHints":{"allow":["GET"]}}],"collection":[{"href":"https:\/\/zl.jewelry\/pl\/wp-json\/wp\/v2\/product"}],"about":[{"href":"https:\/\/zl.jewelry\/pl\/wp-json\/wp\/v2\/types\/product"}],"wp:featuredmedia":[{"embeddable":true,"href":"https:\/\/zl.jewelry\/pl\/wp-json\/wp\/v2\/media\/47241"}],"wp:attachment":[{"href":"https:\/\/zl.jewelry\/pl\/wp-json\/wp\/v2\/media?parent=47240"}],"wp:term":[{"taxonomy":"product_brand","embeddable":true,"href":"https:\/\/zl.jewelry\/pl\/wp-json\/wp\/v2\/product_brand?post=47240"},{"taxonomy":"product_cat","embeddable":true,"href":"https:\/\/zl.jewelry\/pl\/wp-json\/wp\/v2\/product_cat?post=47240"},{"taxonomy":"product_tag","embeddable":true,"href":"https:\/\/zl.jewelry\/pl\/wp-json\/wp\/v2\/product_tag?post=47240"}],"curies":[{"name":"wp","href":"https:\/\/api.w.org\/{rel}","templated":true}]}}