{"id":47223,"date":"2025-06-18T10:51:13","date_gmt":"2025-06-18T10:51:13","guid":{"rendered":"https:\/\/zl.jewelry\/product\/chain-five-prayers-with-blackening-in-red-gold\/"},"modified":"2025-09-26T18:32:43","modified_gmt":"2025-09-26T18:32:43","slug":"chain-five-prayers-with-blackening-in-red-gold","status":"publish","type":"product","link":"https:\/\/zl.jewelry\/pl\/product\/chain-five-prayers-with-blackening-in-red-gold\/","title":{"rendered":"\u0141a\u0144cuszek &#8222;Five Prayers&#8221; z czerwonego z\u0142ota z niello."},"content":{"rendered":"<p>Z\u0142oty \u0142a\u0144cuszek wykonany z czerwonego z\u0142ota i niello. Na \u0142a\u0144cuszku znajduj\u0105 si\u0119 wstawki modlitewne, \u0142\u0105cz\u0105ce ogniwa z symbolem stron&nbsp;\u015bwiat\u0142a w centplm. Zapi\u0119cie to pude\u0142ko z jednym zamkiem, o okr\u0105g\u0142ym kszta\u0142cie, pod wzorem wstawek modlitewnych. Wz\u00f3r mo\u017ce by\u0107 zmieniony zgodnie z \u017cyczeniem klienta.&nbsp;<\/p>\n","protected":false},"excerpt":{"rendered":"<p>Z\u0142oty \u0142a\u0144cuszek wykonany z czerwonego z\u0142ota i niello. Na \u0142a\u0144cuszku znajduj\u0105 si\u0119 wstawki modlitewne, \u0142\u0105cz\u0105ce ogniwa z symbolem stron&nbsp;\u015bwiat\u0142a w centplm. Zapi\u0119cie to pude\u0142ko z jednym zamkiem, o okr\u0105g\u0142ym kszta\u0142cie, pod wzorem wstawek modlitewnych. Wz\u00f3r mo\u017ce by\u0107 zmieniony zgodnie z \u017cyczeniem klienta.&nbsp;<\/p>\n","protected":false},"featured_media":61034,"template":"","meta":{"_acf_changed":false},"product_brand":[],"product_cat":[490,492,493],"product_tag":[],"class_list":{"0":"post-47223","1":"product","2":"type-product","3":"status-publish","4":"has-post-thumbnail","6":"product_cat-gold-chains","7":"product_cat-gold-chain-from-50-gr-pl","8":"product_cat-mens-chains-pl","10":"first","11":"instock","12":"purchasable","13":"product-type-variable"},"acf":[],"_links":{"self":[{"href":"https:\/\/zl.jewelry\/pl\/wp-json\/wp\/v2\/product\/47223","targetHints":{"allow":["GET"]}}],"collection":[{"href":"https:\/\/zl.jewelry\/pl\/wp-json\/wp\/v2\/product"}],"about":[{"href":"https:\/\/zl.jewelry\/pl\/wp-json\/wp\/v2\/types\/product"}],"wp:featuredmedia":[{"embeddable":true,"href":"https:\/\/zl.jewelry\/pl\/wp-json\/wp\/v2\/media\/61034"}],"wp:attachment":[{"href":"https:\/\/zl.jewelry\/pl\/wp-json\/wp\/v2\/media?parent=47223"}],"wp:term":[{"taxonomy":"product_brand","embeddable":true,"href":"https:\/\/zl.jewelry\/pl\/wp-json\/wp\/v2\/product_brand?post=47223"},{"taxonomy":"product_cat","embeddable":true,"href":"https:\/\/zl.jewelry\/pl\/wp-json\/wp\/v2\/product_cat?post=47223"},{"taxonomy":"product_tag","embeddable":true,"href":"https:\/\/zl.jewelry\/pl\/wp-json\/wp\/v2\/product_tag?post=47223"}],"curies":[{"name":"wp","href":"https:\/\/api.w.org\/{rel}","templated":true}]}}