{"id":47213,"date":"2025-06-18T10:51:13","date_gmt":"2025-06-18T10:51:13","guid":{"rendered":"https:\/\/zl.jewelry\/product\/ring-fantasy-in-white-gold\/"},"modified":"2025-09-26T18:22:40","modified_gmt":"2025-09-26T18:22:40","slug":"ring-fantasy-in-white-gold","status":"publish","type":"product","link":"https:\/\/zl.jewelry\/pl\/product\/ring-fantasy-in-white-gold\/","title":{"rendered":"Pier\u015bcionek &#8222;Fantasy&#8221; z bia\u0142ego z\u0142ota"},"content":{"rendered":"<p>Rodowany pier\u015bcionek z bia\u0142ego z\u0142ota. Waga r\u00f3\u017cni si\u0119 w zale\u017cno\u015bci od rozmiaru. Wstawki z kamieniami Swarovskiego, obrotowe, \u015brednica kamieni 3mm.<\/p>\n","protected":false},"excerpt":{"rendered":"<p>Rodowany pier\u015bcionek z bia\u0142ego z\u0142ota. Waga r\u00f3\u017cni si\u0119 w zale\u017cno\u015bci od rozmiaru. Wstawki z kamieniami Swarovskiego, obrotowe, \u015brednica kamieni 3mm.<\/p>\n","protected":false},"featured_media":47214,"template":"","meta":{"_acf_changed":false},"product_brand":[],"product_cat":[514,519,520,522],"product_tag":[],"class_list":{"0":"post-47213","1":"product","2":"type-product","3":"status-publish","4":"has-post-thumbnail","6":"product_cat-golden-rings-pl","7":"product_cat-rings-with-diamonds-pl","8":"product_cat-white-gold-rings-pl","9":"product_cat-with-rocks-pl","11":"first","12":"instock","13":"product-type-simple"},"acf":[],"_links":{"self":[{"href":"https:\/\/zl.jewelry\/pl\/wp-json\/wp\/v2\/product\/47213","targetHints":{"allow":["GET"]}}],"collection":[{"href":"https:\/\/zl.jewelry\/pl\/wp-json\/wp\/v2\/product"}],"about":[{"href":"https:\/\/zl.jewelry\/pl\/wp-json\/wp\/v2\/types\/product"}],"wp:featuredmedia":[{"embeddable":true,"href":"https:\/\/zl.jewelry\/pl\/wp-json\/wp\/v2\/media\/47214"}],"wp:attachment":[{"href":"https:\/\/zl.jewelry\/pl\/wp-json\/wp\/v2\/media?parent=47213"}],"wp:term":[{"taxonomy":"product_brand","embeddable":true,"href":"https:\/\/zl.jewelry\/pl\/wp-json\/wp\/v2\/product_brand?post=47213"},{"taxonomy":"product_cat","embeddable":true,"href":"https:\/\/zl.jewelry\/pl\/wp-json\/wp\/v2\/product_cat?post=47213"},{"taxonomy":"product_tag","embeddable":true,"href":"https:\/\/zl.jewelry\/pl\/wp-json\/wp\/v2\/product_tag?post=47213"}],"curies":[{"name":"wp","href":"https:\/\/api.w.org\/{rel}","templated":true}]}}