{"id":47209,"date":"2025-06-18T10:51:42","date_gmt":"2025-06-18T10:51:42","guid":{"rendered":"https:\/\/zl.jewelry\/product\/the-diamond-star-pendant\/"},"modified":"2025-09-26T18:23:05","modified_gmt":"2025-09-26T18:23:05","slug":"the-diamond-star-pendant","status":"publish","type":"product","link":"https:\/\/zl.jewelry\/pl\/product\/the-diamond-star-pendant\/","title":{"rendered":"Wisiorek &#8222;Diamentowa Gwiazda&#8221;"},"content":{"rendered":"<p>Wisiorek z cytrynowego z\u0142ota, w kszta\u0142cie gwiazdy. Waga r&oacute;\u017cni si\u0119 w zale\u017cno\u015bci od rozmiapl. Przy wysoko\u015bci 30mm waga z\u0142ota wynosi 2,70 grama. Wk\u0142adki&nbsp; w postaci kamieni o \u015brednicy 2mm; 1mm (22szt). Kamienie mog\u0105 by\u0107 osadzone dowolnie, na \u017cyczenie klienta. Z ty\u0142u, na \u015brodku wymodelowany jest monogram inicja\u0142&oacute;w klienta.&nbsp;<\/p>\n<p>_x000D_<\/p>\n","protected":false},"excerpt":{"rendered":"<p>Wisiorek z cytrynowego z\u0142ota, w kszta\u0142cie gwiazdy. Waga r&oacute;\u017cni si\u0119 w zale\u017cno\u015bci od rozmiapl. Przy wysoko\u015bci 30mm waga z\u0142ota wynosi 2,70 grama. Wk\u0142adki&nbsp; w postaci kamieni o \u015brednicy 2mm; 1mm (22szt). Kamienie mog\u0105 by\u0107 osadzone dowolnie, na \u017cyczenie klienta. Z ty\u0142u, na \u015brodku wymodelowany jest monogram inicja\u0142&oacute;w klienta.&nbsp; _x000D_<\/p>\n","protected":false},"featured_media":47210,"template":"","meta":{"_acf_changed":false},"product_brand":[],"product_cat":[563,566,567,570],"product_tag":[],"class_list":{"0":"post-47209","1":"product","2":"type-product","3":"status-publish","4":"has-post-thumbnail","6":"product_cat-gold-pendants-pl","7":"product_cat-with-cubic-zirconia-2-pl","8":"product_cat-with-diamonds-2-pl","9":"product_cat-with-rocks-2-pl","11":"first","12":"instock","13":"product-type-simple"},"acf":[],"_links":{"self":[{"href":"https:\/\/zl.jewelry\/pl\/wp-json\/wp\/v2\/product\/47209","targetHints":{"allow":["GET"]}}],"collection":[{"href":"https:\/\/zl.jewelry\/pl\/wp-json\/wp\/v2\/product"}],"about":[{"href":"https:\/\/zl.jewelry\/pl\/wp-json\/wp\/v2\/types\/product"}],"wp:featuredmedia":[{"embeddable":true,"href":"https:\/\/zl.jewelry\/pl\/wp-json\/wp\/v2\/media\/47210"}],"wp:attachment":[{"href":"https:\/\/zl.jewelry\/pl\/wp-json\/wp\/v2\/media?parent=47209"}],"wp:term":[{"taxonomy":"product_brand","embeddable":true,"href":"https:\/\/zl.jewelry\/pl\/wp-json\/wp\/v2\/product_brand?post=47209"},{"taxonomy":"product_cat","embeddable":true,"href":"https:\/\/zl.jewelry\/pl\/wp-json\/wp\/v2\/product_cat?post=47209"},{"taxonomy":"product_tag","embeddable":true,"href":"https:\/\/zl.jewelry\/pl\/wp-json\/wp\/v2\/product_tag?post=47209"}],"curies":[{"name":"wp","href":"https:\/\/api.w.org\/{rel}","templated":true}]}}