{"id":47201,"date":"2025-06-18T10:51:48","date_gmt":"2025-06-18T10:51:48","guid":{"rendered":"https:\/\/zl.jewelry\/product\/fairy-pendant\/"},"modified":"2025-09-26T18:23:13","modified_gmt":"2025-09-26T18:23:13","slug":"fairy-pendant","status":"publish","type":"product","link":"https:\/\/zl.jewelry\/pl\/product\/fairy-pendant\/","title":{"rendered":"Wisiorek &#8222;Wr\u00f3\u017cka&#8221;"},"content":{"rendered":"<p>Wisiorek z czerwonego z\u0142ota o wadze 2,63 grama. Wysoko\u015b\u0107 wisiorka 15.51mm. Wk\u0142adki fianitowe 0.8mm (2szt); 1.25mm (4szt); 1.55mm (2szt); 1.75mm (3szt).<\/p>\n","protected":false},"excerpt":{"rendered":"<p>Wisiorek z czerwonego z\u0142ota o wadze 2,63 grama. Wysoko\u015b\u0107 wisiorka 15.51mm. Wk\u0142adki fianitowe 0.8mm (2szt); 1.25mm (4szt); 1.55mm (2szt); 1.75mm (3szt).<\/p>\n","protected":false},"featured_media":47202,"template":"","meta":{"_acf_changed":false},"product_brand":[],"product_cat":[563,566,567,570],"product_tag":[],"class_list":{"0":"post-47201","1":"product","2":"type-product","3":"status-publish","4":"has-post-thumbnail","6":"product_cat-gold-pendants-pl","7":"product_cat-with-cubic-zirconia-2-pl","8":"product_cat-with-diamonds-2-pl","9":"product_cat-with-rocks-2-pl","11":"first","12":"instock","13":"product-type-simple"},"acf":[],"_links":{"self":[{"href":"https:\/\/zl.jewelry\/pl\/wp-json\/wp\/v2\/product\/47201","targetHints":{"allow":["GET"]}}],"collection":[{"href":"https:\/\/zl.jewelry\/pl\/wp-json\/wp\/v2\/product"}],"about":[{"href":"https:\/\/zl.jewelry\/pl\/wp-json\/wp\/v2\/types\/product"}],"wp:featuredmedia":[{"embeddable":true,"href":"https:\/\/zl.jewelry\/pl\/wp-json\/wp\/v2\/media\/47202"}],"wp:attachment":[{"href":"https:\/\/zl.jewelry\/pl\/wp-json\/wp\/v2\/media?parent=47201"}],"wp:term":[{"taxonomy":"product_brand","embeddable":true,"href":"https:\/\/zl.jewelry\/pl\/wp-json\/wp\/v2\/product_brand?post=47201"},{"taxonomy":"product_cat","embeddable":true,"href":"https:\/\/zl.jewelry\/pl\/wp-json\/wp\/v2\/product_cat?post=47201"},{"taxonomy":"product_tag","embeddable":true,"href":"https:\/\/zl.jewelry\/pl\/wp-json\/wp\/v2\/product_tag?post=47201"}],"curies":[{"name":"wp","href":"https:\/\/api.w.org\/{rel}","templated":true}]}}