{"id":47197,"date":"2025-06-18T10:51:48","date_gmt":"2025-06-18T10:51:48","guid":{"rendered":"https:\/\/zl.jewelry\/product\/pendant-dragon\/"},"modified":"2025-09-26T18:23:13","modified_gmt":"2025-09-26T18:23:13","slug":"pendant-dragon","status":"publish","type":"product","link":"https:\/\/zl.jewelry\/pl\/product\/pendant-dragon\/","title":{"rendered":"Wisiorek &#8222;Drakosha&#8221;"},"content":{"rendered":"<p>Wisiorek w kszta\u0142cie smoka. Wysoko\u015b\u0107 wisiorka 29.30mm bez ucha.&nbsp;<\/p>\n<p>_x000D_<br \/>\n_x000D_<\/p>\n<p>&nbsp;<\/p>\n<p>_x000D_<\/p>\n","protected":false},"excerpt":{"rendered":"<p>Wisiorek w kszta\u0142cie smoka. Wysoko\u015b\u0107 wisiorka 29.30mm bez ucha.&nbsp; _x000D_ _x000D_ &nbsp; _x000D_<\/p>\n","protected":false},"featured_media":47198,"template":"","meta":{"_acf_changed":false},"product_brand":[],"product_cat":[563,568],"product_tag":[],"class_list":{"0":"post-47197","1":"product","2":"type-product","3":"status-publish","4":"has-post-thumbnail","6":"product_cat-gold-pendants-pl","7":"product_cat-without-inserts-2-pl","9":"first","10":"instock","11":"product-type-simple"},"acf":[],"_links":{"self":[{"href":"https:\/\/zl.jewelry\/pl\/wp-json\/wp\/v2\/product\/47197","targetHints":{"allow":["GET"]}}],"collection":[{"href":"https:\/\/zl.jewelry\/pl\/wp-json\/wp\/v2\/product"}],"about":[{"href":"https:\/\/zl.jewelry\/pl\/wp-json\/wp\/v2\/types\/product"}],"wp:featuredmedia":[{"embeddable":true,"href":"https:\/\/zl.jewelry\/pl\/wp-json\/wp\/v2\/media\/47198"}],"wp:attachment":[{"href":"https:\/\/zl.jewelry\/pl\/wp-json\/wp\/v2\/media?parent=47197"}],"wp:term":[{"taxonomy":"product_brand","embeddable":true,"href":"https:\/\/zl.jewelry\/pl\/wp-json\/wp\/v2\/product_brand?post=47197"},{"taxonomy":"product_cat","embeddable":true,"href":"https:\/\/zl.jewelry\/pl\/wp-json\/wp\/v2\/product_cat?post=47197"},{"taxonomy":"product_tag","embeddable":true,"href":"https:\/\/zl.jewelry\/pl\/wp-json\/wp\/v2\/product_tag?post=47197"}],"curies":[{"name":"wp","href":"https:\/\/api.w.org\/{rel}","templated":true}]}}