{"id":47193,"date":"2025-06-18T10:51:48","date_gmt":"2025-06-18T10:51:48","guid":{"rendered":"https:\/\/zl.jewelry\/product\/family-coat-of-arms-pendant\/"},"modified":"2025-09-26T18:23:12","modified_gmt":"2025-09-26T18:23:12","slug":"family-coat-of-arms-pendant","status":"publish","type":"product","link":"https:\/\/zl.jewelry\/pl\/product\/family-coat-of-arms-pendant\/","title":{"rendered":"Wisiorek &#8222;Herb Rodziny&#8221;"},"content":{"rendered":"<p>Wisiorek w&nbsp;formie herbu, o&nbsp;wadze 6,43 grama. Z przodu monogram, z ty\u0142u g\u0142adka powierzchnia. Wysoko\u015b\u0107 wisiorka&nbsp; oko\u0142o 25mm.<\/p>\n<p>_x000D_<\/p>\n","protected":false},"excerpt":{"rendered":"<p>Wisiorek w&nbsp;formie herbu, o&nbsp;wadze 6,43 grama. Z przodu monogram, z ty\u0142u g\u0142adka powierzchnia. Wysoko\u015b\u0107 wisiorka&nbsp; oko\u0142o 25mm. _x000D_<\/p>\n","protected":false},"featured_media":47194,"template":"","meta":{"_acf_changed":false},"product_brand":[],"product_cat":[563,568],"product_tag":[],"class_list":{"0":"post-47193","1":"product","2":"type-product","3":"status-publish","4":"has-post-thumbnail","6":"product_cat-gold-pendants-pl","7":"product_cat-without-inserts-2-pl","9":"first","10":"instock","11":"product-type-simple"},"acf":[],"_links":{"self":[{"href":"https:\/\/zl.jewelry\/pl\/wp-json\/wp\/v2\/product\/47193","targetHints":{"allow":["GET"]}}],"collection":[{"href":"https:\/\/zl.jewelry\/pl\/wp-json\/wp\/v2\/product"}],"about":[{"href":"https:\/\/zl.jewelry\/pl\/wp-json\/wp\/v2\/types\/product"}],"wp:featuredmedia":[{"embeddable":true,"href":"https:\/\/zl.jewelry\/pl\/wp-json\/wp\/v2\/media\/47194"}],"wp:attachment":[{"href":"https:\/\/zl.jewelry\/pl\/wp-json\/wp\/v2\/media?parent=47193"}],"wp:term":[{"taxonomy":"product_brand","embeddable":true,"href":"https:\/\/zl.jewelry\/pl\/wp-json\/wp\/v2\/product_brand?post=47193"},{"taxonomy":"product_cat","embeddable":true,"href":"https:\/\/zl.jewelry\/pl\/wp-json\/wp\/v2\/product_cat?post=47193"},{"taxonomy":"product_tag","embeddable":true,"href":"https:\/\/zl.jewelry\/pl\/wp-json\/wp\/v2\/product_tag?post=47193"}],"curies":[{"name":"wp","href":"https:\/\/api.w.org\/{rel}","templated":true}]}}