{"id":47179,"date":"2025-06-18T10:51:48","date_gmt":"2025-06-18T10:51:48","guid":{"rendered":"https:\/\/zl.jewelry\/product\/scorpion-chain\/"},"modified":"2025-09-26T18:23:11","modified_gmt":"2025-09-26T18:23:11","slug":"scorpion-chain","status":"publish","type":"product","link":"https:\/\/zl.jewelry\/pl\/product\/scorpion-chain\/","title":{"rendered":"\u0141a\u0144cuszek &#8222;Skorpion&#8221;"},"content":{"rendered":"<p>\u0141a\u0144cuszek po\u0142\u0105czony z czerwonego i bia\u0142ego z\u0142ota z czarn\u0105 emali\u0105. Od zamka pierwsze ogniwa z literami I, a nast\u0119pne ze znakiem skorpiona. Puste ogniwa s\u0105 r&oacute;wnie\u017c pod emali\u0105.&nbsp; D\u0142ugo\u015b\u0107 55 cm, waga 56,10 gram&oacute;w..&nbsp;<\/p>\n<p>_x000D_<\/p>\n","protected":false},"excerpt":{"rendered":"<p>\u0141a\u0144cuszek po\u0142\u0105czony z czerwonego i bia\u0142ego z\u0142ota z czarn\u0105 emali\u0105. Od zamka pierwsze ogniwa z literami I, a nast\u0119pne ze znakiem skorpiona. Puste ogniwa s\u0105 r&oacute;wnie\u017c pod emali\u0105.&nbsp; D\u0142ugo\u015b\u0107 55 cm, waga 56,10 gram&oacute;w..&nbsp; _x000D_<\/p>\n","protected":false},"featured_media":47180,"template":"","meta":{"_acf_changed":false},"product_brand":[],"product_cat":[490,495,493,494],"product_tag":[],"class_list":{"0":"post-47179","1":"product","2":"type-product","3":"status-publish","4":"has-post-thumbnail","6":"product_cat-gold-chains","7":"product_cat-gold-chains-up-to-50-gr-pl","8":"product_cat-mens-chains-pl","9":"product_cat-womens-chains-pl","11":"first","12":"instock","13":"product-type-simple"},"acf":[],"_links":{"self":[{"href":"https:\/\/zl.jewelry\/pl\/wp-json\/wp\/v2\/product\/47179","targetHints":{"allow":["GET"]}}],"collection":[{"href":"https:\/\/zl.jewelry\/pl\/wp-json\/wp\/v2\/product"}],"about":[{"href":"https:\/\/zl.jewelry\/pl\/wp-json\/wp\/v2\/types\/product"}],"wp:featuredmedia":[{"embeddable":true,"href":"https:\/\/zl.jewelry\/pl\/wp-json\/wp\/v2\/media\/47180"}],"wp:attachment":[{"href":"https:\/\/zl.jewelry\/pl\/wp-json\/wp\/v2\/media?parent=47179"}],"wp:term":[{"taxonomy":"product_brand","embeddable":true,"href":"https:\/\/zl.jewelry\/pl\/wp-json\/wp\/v2\/product_brand?post=47179"},{"taxonomy":"product_cat","embeddable":true,"href":"https:\/\/zl.jewelry\/pl\/wp-json\/wp\/v2\/product_cat?post=47179"},{"taxonomy":"product_tag","embeddable":true,"href":"https:\/\/zl.jewelry\/pl\/wp-json\/wp\/v2\/product_tag?post=47179"}],"curies":[{"name":"wp","href":"https:\/\/api.w.org\/{rel}","templated":true}]}}