{"id":47177,"date":"2025-06-18T10:51:48","date_gmt":"2025-06-18T10:51:48","guid":{"rendered":"https:\/\/zl.jewelry\/product\/legion-chain\/"},"modified":"2025-09-26T18:23:11","modified_gmt":"2025-09-26T18:23:11","slug":"legion-chain","status":"publish","type":"product","link":"https:\/\/zl.jewelry\/pl\/product\/legion-chain\/","title":{"rendered":"\u0141a\u0144cuszek &#8222;Legion&#8221;"},"content":{"rendered":"<p>Wyj\u0105tkowy \u0142a\u0144cuszek wykonany z po\u0142\u0105czenia cytrynowego i bia\u0142ego z\u0142ota, z oryginalnym zapi\u0119ciem. Ogniwa z cytrynowego z\u0142ota maj\u0105 tr&oacute;jk\u0105tny kszta\u0142t, ogniwa i zamek z bia\u0142ego z\u0142ota s\u0105 okr\u0105g\u0142e i rodowane. Wz&oacute;r mo\u017ce zosta\u0107 zmieniony zgodnie z \u017cyczeniem klienta. Waga zale\u017cy od rozmiapl bi\u017cuterii&nbsp;<\/p>\n<p>_x000D_<\/p>\n","protected":false},"excerpt":{"rendered":"<p>Wyj\u0105tkowy \u0142a\u0144cuszek wykonany z po\u0142\u0105czenia cytrynowego i bia\u0142ego z\u0142ota, z oryginalnym zapi\u0119ciem. Ogniwa z cytrynowego z\u0142ota maj\u0105 tr&oacute;jk\u0105tny kszta\u0142t, ogniwa i zamek z bia\u0142ego z\u0142ota s\u0105 okr\u0105g\u0142e i rodowane. Wz&oacute;r mo\u017ce zosta\u0107 zmieniony zgodnie z \u017cyczeniem klienta. Waga zale\u017cy od rozmiapl bi\u017cuterii&nbsp; _x000D_<\/p>\n","protected":false},"featured_media":47178,"template":"","meta":{"_acf_changed":false},"product_brand":[],"product_cat":[490,492,493],"product_tag":[],"class_list":{"0":"post-47177","1":"product","2":"type-product","3":"status-publish","4":"has-post-thumbnail","6":"product_cat-gold-chains","7":"product_cat-gold-chain-from-50-gr-pl","8":"product_cat-mens-chains-pl","10":"first","11":"instock","12":"product-type-simple"},"acf":[],"_links":{"self":[{"href":"https:\/\/zl.jewelry\/pl\/wp-json\/wp\/v2\/product\/47177","targetHints":{"allow":["GET"]}}],"collection":[{"href":"https:\/\/zl.jewelry\/pl\/wp-json\/wp\/v2\/product"}],"about":[{"href":"https:\/\/zl.jewelry\/pl\/wp-json\/wp\/v2\/types\/product"}],"wp:featuredmedia":[{"embeddable":true,"href":"https:\/\/zl.jewelry\/pl\/wp-json\/wp\/v2\/media\/47178"}],"wp:attachment":[{"href":"https:\/\/zl.jewelry\/pl\/wp-json\/wp\/v2\/media?parent=47177"}],"wp:term":[{"taxonomy":"product_brand","embeddable":true,"href":"https:\/\/zl.jewelry\/pl\/wp-json\/wp\/v2\/product_brand?post=47177"},{"taxonomy":"product_cat","embeddable":true,"href":"https:\/\/zl.jewelry\/pl\/wp-json\/wp\/v2\/product_cat?post=47177"},{"taxonomy":"product_tag","embeddable":true,"href":"https:\/\/zl.jewelry\/pl\/wp-json\/wp\/v2\/product_tag?post=47177"}],"curies":[{"name":"wp","href":"https:\/\/api.w.org\/{rel}","templated":true}]}}