{"id":47167,"date":"2025-06-18T10:51:48","date_gmt":"2025-06-18T10:51:48","guid":{"rendered":"https:\/\/zl.jewelry\/product\/hanger-a\/"},"modified":"2025-09-26T18:23:10","modified_gmt":"2025-09-26T18:23:10","slug":"hanger-a","status":"publish","type":"product","link":"https:\/\/zl.jewelry\/pl\/product\/hanger-a\/","title":{"rendered":"Wisiorek &#8222;A&#8221;"},"content":{"rendered":"<p>Wisiorek z bia\u0142ego z\u0142ota, rodowany, o wadze 1,03 grama, o wysoko\u015bci 10 mm, bez wyst\u0119pu, z fianitem..<\/p>\n<p>_x000D_<\/p>\n","protected":false},"excerpt":{"rendered":"<p>Wisiorek z bia\u0142ego z\u0142ota, rodowany, o wadze 1,03 grama, o wysoko\u015bci 10 mm, bez wyst\u0119pu, z fianitem.. _x000D_<\/p>\n","protected":false},"featured_media":47168,"template":"","meta":{"_acf_changed":false},"product_brand":[],"product_cat":[563,565,566,567,570],"product_tag":[],"class_list":{"0":"post-47167","1":"product","2":"type-product","3":"status-publish","4":"has-post-thumbnail","6":"product_cat-gold-pendants-pl","7":"product_cat-pendant-letter-pl","8":"product_cat-with-cubic-zirconia-2-pl","9":"product_cat-with-diamonds-2-pl","10":"product_cat-with-rocks-2-pl","12":"first","13":"instock","14":"product-type-simple"},"acf":[],"_links":{"self":[{"href":"https:\/\/zl.jewelry\/pl\/wp-json\/wp\/v2\/product\/47167","targetHints":{"allow":["GET"]}}],"collection":[{"href":"https:\/\/zl.jewelry\/pl\/wp-json\/wp\/v2\/product"}],"about":[{"href":"https:\/\/zl.jewelry\/pl\/wp-json\/wp\/v2\/types\/product"}],"wp:featuredmedia":[{"embeddable":true,"href":"https:\/\/zl.jewelry\/pl\/wp-json\/wp\/v2\/media\/47168"}],"wp:attachment":[{"href":"https:\/\/zl.jewelry\/pl\/wp-json\/wp\/v2\/media?parent=47167"}],"wp:term":[{"taxonomy":"product_brand","embeddable":true,"href":"https:\/\/zl.jewelry\/pl\/wp-json\/wp\/v2\/product_brand?post=47167"},{"taxonomy":"product_cat","embeddable":true,"href":"https:\/\/zl.jewelry\/pl\/wp-json\/wp\/v2\/product_cat?post=47167"},{"taxonomy":"product_tag","embeddable":true,"href":"https:\/\/zl.jewelry\/pl\/wp-json\/wp\/v2\/product_tag?post=47167"}],"curies":[{"name":"wp","href":"https:\/\/api.w.org\/{rel}","templated":true}]}}