{"id":47165,"date":"2025-06-18T10:51:52","date_gmt":"2025-06-18T10:51:52","guid":{"rendered":"https:\/\/zl.jewelry\/product\/scorpion-pendant\/"},"modified":"2025-09-26T18:23:18","modified_gmt":"2025-09-26T18:23:18","slug":"scorpion-pendant","status":"publish","type":"product","link":"https:\/\/zl.jewelry\/pl\/product\/scorpion-pendant\/","title":{"rendered":"Wisiorek &#8222;Skorpion&#8221;"},"content":{"rendered":"<p>Wisiorek z czerwonego z\u0142ota na drewnianej podstawie. Z przodu z\u0142ota tabliczka w kszta\u0142cie skorpiona, z ty\u0142u na drewnie r\u0119kawice bokserskie i inicja\u0142y klienta. Wysoko\u015b\u0107 zawieszki 40,5 mm, szeroko\u015b\u0107 drewna 29 mm, gplbo\u015b\u0107 drewna 5 mm, waga z\u0142ota w zawieszce 9,58 grama.<\/p>\n<p>_x000D_<\/p>\n","protected":false},"excerpt":{"rendered":"<p>Wisiorek z czerwonego z\u0142ota na drewnianej podstawie. Z przodu z\u0142ota tabliczka w kszta\u0142cie skorpiona, z ty\u0142u na drewnie r\u0119kawice bokserskie i inicja\u0142y klienta. Wysoko\u015b\u0107 zawieszki 40,5 mm, szeroko\u015b\u0107 drewna 29 mm, gplbo\u015b\u0107 drewna 5 mm, waga z\u0142ota w zawieszce 9,58 grama. _x000D_<\/p>\n","protected":false},"featured_media":47166,"template":"","meta":{"_acf_changed":false},"product_brand":[],"product_cat":[568,563],"product_tag":[],"class_list":{"0":"post-47165","1":"product","2":"type-product","3":"status-publish","4":"has-post-thumbnail","6":"product_cat-without-inserts-2-pl","7":"product_cat-gold-pendants-pl","9":"first","10":"instock","11":"product-type-simple"},"acf":[],"_links":{"self":[{"href":"https:\/\/zl.jewelry\/pl\/wp-json\/wp\/v2\/product\/47165","targetHints":{"allow":["GET"]}}],"collection":[{"href":"https:\/\/zl.jewelry\/pl\/wp-json\/wp\/v2\/product"}],"about":[{"href":"https:\/\/zl.jewelry\/pl\/wp-json\/wp\/v2\/types\/product"}],"wp:featuredmedia":[{"embeddable":true,"href":"https:\/\/zl.jewelry\/pl\/wp-json\/wp\/v2\/media\/47166"}],"wp:attachment":[{"href":"https:\/\/zl.jewelry\/pl\/wp-json\/wp\/v2\/media?parent=47165"}],"wp:term":[{"taxonomy":"product_brand","embeddable":true,"href":"https:\/\/zl.jewelry\/pl\/wp-json\/wp\/v2\/product_brand?post=47165"},{"taxonomy":"product_cat","embeddable":true,"href":"https:\/\/zl.jewelry\/pl\/wp-json\/wp\/v2\/product_cat?post=47165"},{"taxonomy":"product_tag","embeddable":true,"href":"https:\/\/zl.jewelry\/pl\/wp-json\/wp\/v2\/product_tag?post=47165"}],"curies":[{"name":"wp","href":"https:\/\/api.w.org\/{rel}","templated":true}]}}